{"id":1529,"date":"2020-05-27T13:25:44","date_gmt":"2020-05-27T10:25:44","guid":{"rendered":"https:\/\/www.bestbuddiesturkey.org\/?page_id=1529"},"modified":"2022-11-18T21:41:02","modified_gmt":"2022-11-18T18:41:02","slug":"donate","status":"publish","type":"page","link":"https:\/\/www.bestbuddiesturkey.org\/en\/donate\/","title":{"rendered":"Donate"},"content":{"rendered":"<p>[vc_row css_animation=&#8221;&#8221; row_type=&#8221;row&#8221; use_row_as_full_screen_section=&#8221;no&#8221; type=&#8221;grid&#8221; angled_section=&#8221;no&#8221; text_align=&#8221;left&#8221; background_image_as_pattern=&#8221;without_pattern&#8221; z_index=&#8221;&#8221; css=&#8221;.vc_custom_1566908604724{margin-top: 60px !important;}&#8221;][vc_column][vc_column_text]<\/p>\n<h2>Bank Details<\/h2>\n<p>[\/vc_column_text][\/vc_column][\/vc_row][vc_row css_animation=&#8221;&#8221; row_type=&#8221;row&#8221; use_row_as_full_screen_section=&#8221;no&#8221; type=&#8221;grid&#8221; angled_section=&#8221;no&#8221; text_align=&#8221;left&#8221; background_image_as_pattern=&#8221;without_pattern&#8221; z_index=&#8221;&#8221; css=&#8221;.vc_custom_1563870508338{padding-top: 40px !important;padding-bottom: 40px !important;}&#8221;][vc_column width=&#8221;1\/2&#8243; css=&#8221;.vc_custom_1564208881190{padding-right: 60px !important;}&#8221;][vc_column_text]NAME :<br \/>\nG\u00fczel \u0130\u015fler Derne\u011fi<\/p>\n<p>&nbsp;<\/p>\n<p>BANK :<br \/>\nVak\u0131fBank<\/p>\n<p>&nbsp;<\/p>\n<p>BRANCH :<br \/>\nKad\u0131k\u00f6y \u015eubesi<\/p>\n<p>&nbsp;<\/p>\n<p>L\u0130RA ACCOUNT :<br \/>\nTR15 0001 5001 5800 7306 1142 65<\/p>\n<p>&nbsp;<\/p>\n<p>US DOLAR ACCOUNT :<br \/>\nTR08 0001 5001 5804 8016 5948 66[\/vc_column_text][\/vc_column][vc_column width=&#8221;1\/2&#8243;][vc_single_image image=&#8221;302&#8243; img_size=&#8221;full&#8221; qode_css_animation=&#8221;&#8221;][\/vc_column][\/vc_row][vc_row css_animation=&#8221;&#8221; row_type=&#8221;row&#8221; use_row_as_full_screen_section=&#8221;no&#8221; type=&#8221;grid&#8221; angled_section=&#8221;no&#8221; text_align=&#8221;left&#8221; background_image_as_pattern=&#8221;without_pattern&#8221; z_index=&#8221;&#8221; css=&#8221;.vc_custom_1563113840521{margin-top: 60px !important;margin-bottom: 60px !important;padding-top: 40px !important;background-color: #efefef !important;}&#8221;][vc_column width=&#8221;1\/4&#8243;][vc_column_text css=&#8221;.vc_custom_1567975639130{padding-bottom: 15px !important;}&#8221;]<\/p>\n<h3 class=\"aligncenter\" style=\"text-align: center;\"><a href=\"https:\/\/www.bestbuddiesturkey.org\/arkadaslik\/?lang=en\">Friendship<\/a><\/h3>\n<p>[\/vc_column_text][vc_separator type=&#8221;normal&#8221; color=&#8221;#5a3f98&#8243; transparency=&#8221;1&#8243; thickness=&#8221;8&#8243; up=&#8221;0&#8243; down=&#8221;0&#8243;]<div class=\"q_image_with_text_over q_iwto_hover\"><div class=\"shader\" ><\/div><div class=\"shader_hover\" style=\"background-color: #8fd2c5\"><\/div><img itemprop=\"image\" src=\"https:\/\/www.bestbuddiesturkey.org\/wp-content\/uploads\/2019\/07\/m1.jpg\" alt=\"\" \/><div class=\"text\"><table><tr><td><h3 class=\"caption no_icon\" style=\"\"><\/h3><\/td><\/tr><\/table><table><tr><td><div class=\"desc\"><\/p>\n<p style=\"text-align: center;\">Zihinsel ve geli\u015fimsel engelleri olan ve olmayan insanlar aras\u0131nda arkada\u015fl\u0131k kurar, ya\u015fam kalitesini ve sosyal hayata kat\u0131l\u0131m d\u00fczeyini artt\u0131r\u0131rken arkada\u015fl\u0131k yoluyla sosyal dan\u0131\u015fmanl\u0131k sunar.<\/p>\n<p>&nbsp;<\/p>\n<p><a  itemprop=\"url\" href=\"https:\/\/www.bestbuddiesturkey.org\/arkadaslik\/?lang=en\" target=\"_self\" data-hover-background-color=#5a3f98 data-hover-border-color=#5a3f98 data-hover-color=#ffffff class=\"qbutton  small center white default\" style=\"color: #ffffff; border-color: #ffd520; font-style: normal; font-weight: 300; margin: 0px 10px 0px 10px; background-color: #ffd520;\">Details &amp;gt;<\/a><\/div><\/td><\/tr><\/table><\/div><\/div>[\/vc_column][vc_column width=&#8221;1\/4&#8243;][vc_column_text css=&#8221;.vc_custom_1567975833512{padding-bottom: 15px !important;}&#8221;]<\/p>\n<h3 class=\"aligncenter\" style=\"text-align: center;\"><a href=\"http:\/\/www.bestbuddiesthttps:\/\/www.bestbuddiesturkey.org\/istihdam\/?lang=enurkey.org\/istihdam\/\">Jobs<\/a><\/h3>\n<p>[\/vc_column_text][vc_separator type=&#8221;normal&#8221; color=&#8221;#8fd2c5&#8243; transparency=&#8221;1&#8243; thickness=&#8221;8&#8243; up=&#8221;0&#8243; down=&#8221;0&#8243;]<div class=\"q_image_with_text_over q_iwto_hover\"><div class=\"shader\" ><\/div><div class=\"shader_hover\" style=\"background-color: #8fd2c5\"><\/div><img itemprop=\"image\" src=\"https:\/\/www.bestbuddiesturkey.org\/wp-content\/uploads\/2019\/07\/m2.jpg\" alt=\"\" \/><div class=\"text\"><table><tr><td><h3 class=\"caption no_icon\" style=\"\"><\/h3><\/td><\/tr><\/table><table><tr><td><div class=\"desc\"><\/p>\n<p style=\"text-align: center;\">Zihinsel ve geli\u015fimsel engelleri olan ki\u015filerin i\u015flerini g\u00fcvence alt\u0131na alarak gelir elde etmelerini, vergi \u00f6demelerini ve kendilerini desteklemelerini sa\u011flar.<\/p>\n<p>&nbsp;<\/p>\n<p><a  itemprop=\"url\" href=\"https:\/\/www.bestbuddiesturkey.org\/istihdam\/?lang=en\" target=\"_self\" data-hover-background-color=#5a3f98 data-hover-border-color=#5a3f98 data-hover-color=#ffffff class=\"qbutton  small center white default\" style=\"color: #ffffff; border-color: #ffd520; font-style: normal; font-weight: 300; margin: 0px 10px 0px 10px; background-color: #ffd520;\">Details &amp;gt;<\/a><\/div><\/td><\/tr><\/table><\/div><\/div>[\/vc_column][vc_column width=&#8221;1\/4&#8243;][vc_column_text css=&#8221;.vc_custom_1567975947073{padding-bottom: 15px !important;}&#8221;]<\/p>\n<h3 class=\"aligncenter\" style=\"text-align: center;\"><a href=\"https:\/\/www.bestbuddiesturkey.org\/liderlik-gelistirme\/?lang=en\">Leadership Development<\/a><\/h3>\n<p>[\/vc_column_text][vc_separator type=&#8221;normal&#8221; color=&#8221;#f47836&#8243; transparency=&#8221;1&#8243; thickness=&#8221;8&#8243; up=&#8221;0&#8243; down=&#8221;0&#8243;]<div class=\"q_image_with_text_over q_iwto_hover\"><div class=\"shader\" ><\/div><div class=\"shader_hover\" style=\"background-color: #8fd2c5\"><\/div><img itemprop=\"image\" src=\"https:\/\/www.bestbuddiesturkey.org\/wp-content\/uploads\/2019\/07\/m3.jpg\" alt=\"\" \/><div class=\"text\"><table><tr><td><h3 class=\"caption no_icon\" style=\"\"><\/h3><\/td><\/tr><\/table><table><tr><td><div class=\"desc\"><\/p>\n<p style=\"text-align: center;\">Zihinsel ve geli\u015fimsel engelleri olan ve olmayan insanlar\u0131, liderler, konu\u015fmac\u0131lar ve hak savunucular\u0131 olmak i\u00e7in e\u011fitir ve g\u00fc\u00e7lendirir.<\/p>\n<p>&nbsp;<\/p>\n<p><a  itemprop=\"url\" href=\"https:\/\/www.bestbuddiesturkey.org\/liderlik-gelistirme\/?lang=en\" target=\"_self\" data-hover-background-color=#5a3f98 data-hover-border-color=#5a3f98 data-hover-color=#ffffff class=\"qbutton  small center white default\" style=\"color: #ffffff; border-color: #ffd520; font-style: normal; font-weight: 300; margin: 0px 10px 0px 10px; background-color: #ffd520;\">Details &amp;gt;<\/a><\/div><\/td><\/tr><\/table><\/div><\/div>[\/vc_column][vc_column width=&#8221;1\/4&#8243;][vc_column_text css=&#8221;.vc_custom_1567976048526{padding-bottom: 15px !important;}&#8221;]<\/p>\n<h3 class=\"aligncenter\" style=\"text-align: center;\"><a href=\"https:\/\/www.bestbuddiesturkey.org\/yasam\/?lang=en\">Inclusive Living<\/a><\/h3>\n<p>[\/vc_column_text][vc_separator type=&#8221;normal&#8221; color=&#8221;#ffd520&#8243; transparency=&#8221;1&#8243; thickness=&#8221;8&#8243; up=&#8221;0&#8243; down=&#8221;0&#8243;]<div class=\"q_image_with_text_over q_iwto_hover\"><div class=\"shader\" ><\/div><div class=\"shader_hover\" style=\"background-color: #8fd2c5\"><\/div><img itemprop=\"image\" src=\"https:\/\/www.bestbuddiesturkey.org\/wp-content\/uploads\/2019\/07\/m4.jpg\" alt=\"\" \/><div class=\"text\"><table><tr><td><h3 class=\"caption no_icon\" style=\"\"><\/h3><\/td><\/tr><\/table><table><tr><td><div class=\"desc\"><\/p>\n<p style=\"text-align: center;\">Zihinsel ve geli\u015fimsel engelleri olan ve olmayan insanlar i\u00e7in canl\u0131, entegre bir ya\u015fam f\u0131rsat\u0131 sa\u011flamak.<\/p>\n<p>&nbsp;<\/p>\n<p><a  itemprop=\"url\" href=\"https:\/\/www.bestbuddiesturkey.org\/yasam\/?lang=en\" target=\"_self\" data-hover-background-color=#5a3f98 data-hover-border-color=#5a3f98 data-hover-color=#ffffff class=\"qbutton  small center white default\" style=\"color: #ffffff; border-color: #ffd520; font-style: normal; font-weight: 300; margin: 0px 10px 0px 10px; background-color: #ffd520;\">Details &amp;gt;<\/a><\/div><\/td><\/tr><\/table><\/div><\/div>[\/vc_column][\/vc_row]<\/p>\n","protected":false},"excerpt":{"rendered":"<p>[vc_row css_animation=&#8221;&#8221; row_type=&#8221;row&#8221; use_row_as_full_screen_section=&#8221;no&#8221; type=&#8221;grid&#8221; angled_section=&#8221;no&#8221; text_align=&#8221;left&#8221; background_image_as_pattern=&#8221;without_pattern&#8221; z_index=&#8221;&#8221; css=&#8221;.vc_custom_1566908604724{margin-top: 60px !important;}&#8221;][vc_column][vc_column_text] Bank Details [\/vc_column_text][\/vc_column][\/vc_row][vc_row css_animation=&#8221;&#8221; row_type=&#8221;row&#8221; use_row_as_full_screen_section=&#8221;no&#8221; type=&#8221;grid&#8221; angled_section=&#8221;no&#8221; text_align=&#8221;left&#8221; background_image_as_pattern=&#8221;without_pattern&#8221; z_index=&#8221;&#8221; css=&#8221;.vc_custom_1563870508338{padding-top: 40px !important;padding-bottom: 40px !important;}&#8221;][vc_column width=&#8221;1\/2&#8243; css=&#8221;.vc_custom_1564208881190{padding-right: 60px !important;}&#8221;][vc_column_text]NAME : G\u00fczel \u0130\u015fler Derne\u011fi &nbsp; BANK : Vak\u0131fBank &nbsp; BRANCH : Kad\u0131k\u00f6y \u015eubesi&#8230;<\/p>\n","protected":false},"author":2,"featured_media":0,"parent":0,"menu_order":0,"comment_status":"closed","ping_status":"closed","template":"full_width.php","meta":{"footnotes":""},"yoast_head":"<!-- This site is optimized with the Yoast SEO plugin v21.1 - https:\/\/yoast.com\/wordpress\/plugins\/seo\/ -->\n<title>Donate - Best Buddies T\u00fcrkiye<\/title>\n<meta name=\"robots\" content=\"index, follow, max-snippet:-1, max-image-preview:large, max-video-preview:-1\" \/>\n<link rel=\"canonical\" href=\"https:\/\/www.bestbuddiesturkey.org\/en\/donate\/\" \/>\n<meta property=\"og:locale\" content=\"en_US\" \/>\n<meta property=\"og:type\" content=\"article\" \/>\n<meta property=\"og:title\" content=\"Donate - Best Buddies T\u00fcrkiye\" \/>\n<meta property=\"og:description\" content=\"[vc_row css_animation=&#8221;&#8221; row_type=&#8221;row&#8221; use_row_as_full_screen_section=&#8221;no&#8221; type=&#8221;grid&#8221; angled_section=&#8221;no&#8221; text_align=&#8221;left&#8221; background_image_as_pattern=&#8221;without_pattern&#8221; z_index=&#8221;&#8221; css=&#8221;.vc_custom_1566908604724{margin-top: 60px !important;}&#8221;][vc_column][vc_column_text] Bank Details [\/vc_column_text][\/vc_column][\/vc_row][vc_row css_animation=&#8221;&#8221; row_type=&#8221;row&#8221; use_row_as_full_screen_section=&#8221;no&#8221; type=&#8221;grid&#8221; angled_section=&#8221;no&#8221; text_align=&#8221;left&#8221; background_image_as_pattern=&#8221;without_pattern&#8221; z_index=&#8221;&#8221; css=&#8221;.vc_custom_1563870508338{padding-top: 40px !important;padding-bottom: 40px !important;}&#8221;][vc_column width=&#8221;1\/2&#8243; css=&#8221;.vc_custom_1564208881190{padding-right: 60px !important;}&#8221;][vc_column_text]NAME : G\u00fczel \u0130\u015fler Derne\u011fi &nbsp; BANK : Vak\u0131fBank &nbsp; BRANCH : Kad\u0131k\u00f6y \u015eubesi...\" \/>\n<meta property=\"og:url\" content=\"https:\/\/www.bestbuddiesturkey.org\/en\/donate\/\" \/>\n<meta property=\"og:site_name\" content=\"Best Buddies T\u00fcrkiye\" \/>\n<meta property=\"article:publisher\" content=\"https:\/\/www.facebook.com\/bestbuddiesturkey\" \/>\n<meta property=\"article:modified_time\" content=\"2022-11-18T18:41:02+00:00\" \/>\n<meta name=\"twitter:card\" content=\"summary_large_image\" \/>\n<meta name=\"twitter:site\" content=\"@BestBuddiesTR\" \/>\n<meta name=\"twitter:label1\" content=\"Est. reading time\" \/>\n\t<meta name=\"twitter:data1\" content=\"2 minutes\" \/>\n<script type=\"application\/ld+json\" class=\"yoast-schema-graph\">{\"@context\":\"https:\/\/schema.org\",\"@graph\":[{\"@type\":\"WebPage\",\"@id\":\"https:\/\/www.bestbuddiesturkey.org\/en\/donate\/\",\"url\":\"https:\/\/www.bestbuddiesturkey.org\/en\/donate\/\",\"name\":\"Donate - Best Buddies T\u00fcrkiye\",\"isPartOf\":{\"@id\":\"https:\/\/www.bestbuddiesturkey.org\/en\/#website\"},\"datePublished\":\"2020-05-27T10:25:44+00:00\",\"dateModified\":\"2022-11-18T18:41:02+00:00\",\"breadcrumb\":{\"@id\":\"https:\/\/www.bestbuddiesturkey.org\/en\/donate\/#breadcrumb\"},\"inLanguage\":\"en-US\",\"potentialAction\":[{\"@type\":\"ReadAction\",\"target\":[\"https:\/\/www.bestbuddiesturkey.org\/en\/donate\/\"]}]},{\"@type\":\"BreadcrumbList\",\"@id\":\"https:\/\/www.bestbuddiesturkey.org\/en\/donate\/#breadcrumb\",\"itemListElement\":[{\"@type\":\"ListItem\",\"position\":1,\"name\":\"Anasayfa\",\"item\":\"https:\/\/www.bestbuddiesturkey.org\/en\/\"},{\"@type\":\"ListItem\",\"position\":2,\"name\":\"Donate\"}]},{\"@type\":\"WebSite\",\"@id\":\"https:\/\/www.bestbuddiesturkey.org\/en\/#website\",\"url\":\"https:\/\/www.bestbuddiesturkey.org\/en\/\",\"name\":\"Best Buddies T\u00fcrkiye\",\"description\":\"\",\"publisher\":{\"@id\":\"https:\/\/www.bestbuddiesturkey.org\/en\/#organization\"},\"potentialAction\":[{\"@type\":\"SearchAction\",\"target\":{\"@type\":\"EntryPoint\",\"urlTemplate\":\"https:\/\/www.bestbuddiesturkey.org\/en\/?s={search_term_string}\"},\"query-input\":\"required name=search_term_string\"}],\"inLanguage\":\"en-US\"},{\"@type\":\"Organization\",\"@id\":\"https:\/\/www.bestbuddiesturkey.org\/en\/#organization\",\"name\":\"Best Buddies T\u00fcrkiye\",\"url\":\"https:\/\/www.bestbuddiesturkey.org\/en\/\",\"logo\":{\"@type\":\"ImageObject\",\"inLanguage\":\"en-US\",\"@id\":\"https:\/\/www.bestbuddiesturkey.org\/en\/#\/schema\/logo\/image\/\",\"url\":\"https:\/\/www.bestbuddiesturkey.org\/wp-content\/uploads\/2019\/09\/bestb.jpg\",\"contentUrl\":\"https:\/\/www.bestbuddiesturkey.org\/wp-content\/uploads\/2019\/09\/bestb.jpg\",\"width\":288,\"height\":288,\"caption\":\"Best Buddies T\u00fcrkiye\"},\"image\":{\"@id\":\"https:\/\/www.bestbuddiesturkey.org\/en\/#\/schema\/logo\/image\/\"},\"sameAs\":[\"https:\/\/www.facebook.com\/bestbuddiesturkey\",\"https:\/\/twitter.com\/BestBuddiesTR\",\"https:\/\/www.youtube.com\/channel\/UCkgdM7hXI2jC4ppGGjRT1hw\",\"https:\/\/www.instagram.com\/BestBuddiesTR\/\"]}]}<\/script>\n<!-- \/ Yoast SEO plugin. -->","yoast_head_json":{"title":"Donate - Best Buddies T\u00fcrkiye","robots":{"index":"index","follow":"follow","max-snippet":"max-snippet:-1","max-image-preview":"max-image-preview:large","max-video-preview":"max-video-preview:-1"},"canonical":"https:\/\/www.bestbuddiesturkey.org\/en\/donate\/","og_locale":"en_US","og_type":"article","og_title":"Donate - Best Buddies T\u00fcrkiye","og_description":"[vc_row css_animation=&#8221;&#8221; row_type=&#8221;row&#8221; use_row_as_full_screen_section=&#8221;no&#8221; type=&#8221;grid&#8221; angled_section=&#8221;no&#8221; text_align=&#8221;left&#8221; background_image_as_pattern=&#8221;without_pattern&#8221; z_index=&#8221;&#8221; css=&#8221;.vc_custom_1566908604724{margin-top: 60px !important;}&#8221;][vc_column][vc_column_text] Bank Details [\/vc_column_text][\/vc_column][\/vc_row][vc_row css_animation=&#8221;&#8221; row_type=&#8221;row&#8221; use_row_as_full_screen_section=&#8221;no&#8221; type=&#8221;grid&#8221; angled_section=&#8221;no&#8221; text_align=&#8221;left&#8221; background_image_as_pattern=&#8221;without_pattern&#8221; z_index=&#8221;&#8221; css=&#8221;.vc_custom_1563870508338{padding-top: 40px !important;padding-bottom: 40px !important;}&#8221;][vc_column width=&#8221;1\/2&#8243; css=&#8221;.vc_custom_1564208881190{padding-right: 60px !important;}&#8221;][vc_column_text]NAME : G\u00fczel \u0130\u015fler Derne\u011fi &nbsp; BANK : Vak\u0131fBank &nbsp; BRANCH : Kad\u0131k\u00f6y \u015eubesi...","og_url":"https:\/\/www.bestbuddiesturkey.org\/en\/donate\/","og_site_name":"Best Buddies T\u00fcrkiye","article_publisher":"https:\/\/www.facebook.com\/bestbuddiesturkey","article_modified_time":"2022-11-18T18:41:02+00:00","twitter_card":"summary_large_image","twitter_site":"@BestBuddiesTR","twitter_misc":{"Est. reading time":"2 minutes"},"schema":{"@context":"https:\/\/schema.org","@graph":[{"@type":"WebPage","@id":"https:\/\/www.bestbuddiesturkey.org\/en\/donate\/","url":"https:\/\/www.bestbuddiesturkey.org\/en\/donate\/","name":"Donate - Best Buddies T\u00fcrkiye","isPartOf":{"@id":"https:\/\/www.bestbuddiesturkey.org\/en\/#website"},"datePublished":"2020-05-27T10:25:44+00:00","dateModified":"2022-11-18T18:41:02+00:00","breadcrumb":{"@id":"https:\/\/www.bestbuddiesturkey.org\/en\/donate\/#breadcrumb"},"inLanguage":"en-US","potentialAction":[{"@type":"ReadAction","target":["https:\/\/www.bestbuddiesturkey.org\/en\/donate\/"]}]},{"@type":"BreadcrumbList","@id":"https:\/\/www.bestbuddiesturkey.org\/en\/donate\/#breadcrumb","itemListElement":[{"@type":"ListItem","position":1,"name":"Anasayfa","item":"https:\/\/www.bestbuddiesturkey.org\/en\/"},{"@type":"ListItem","position":2,"name":"Donate"}]},{"@type":"WebSite","@id":"https:\/\/www.bestbuddiesturkey.org\/en\/#website","url":"https:\/\/www.bestbuddiesturkey.org\/en\/","name":"Best Buddies T\u00fcrkiye","description":"","publisher":{"@id":"https:\/\/www.bestbuddiesturkey.org\/en\/#organization"},"potentialAction":[{"@type":"SearchAction","target":{"@type":"EntryPoint","urlTemplate":"https:\/\/www.bestbuddiesturkey.org\/en\/?s={search_term_string}"},"query-input":"required name=search_term_string"}],"inLanguage":"en-US"},{"@type":"Organization","@id":"https:\/\/www.bestbuddiesturkey.org\/en\/#organization","name":"Best Buddies T\u00fcrkiye","url":"https:\/\/www.bestbuddiesturkey.org\/en\/","logo":{"@type":"ImageObject","inLanguage":"en-US","@id":"https:\/\/www.bestbuddiesturkey.org\/en\/#\/schema\/logo\/image\/","url":"https:\/\/www.bestbuddiesturkey.org\/wp-content\/uploads\/2019\/09\/bestb.jpg","contentUrl":"https:\/\/www.bestbuddiesturkey.org\/wp-content\/uploads\/2019\/09\/bestb.jpg","width":288,"height":288,"caption":"Best Buddies T\u00fcrkiye"},"image":{"@id":"https:\/\/www.bestbuddiesturkey.org\/en\/#\/schema\/logo\/image\/"},"sameAs":["https:\/\/www.facebook.com\/bestbuddiesturkey","https:\/\/twitter.com\/BestBuddiesTR","https:\/\/www.youtube.com\/channel\/UCkgdM7hXI2jC4ppGGjRT1hw","https:\/\/www.instagram.com\/BestBuddiesTR\/"]}]}},"_links":{"self":[{"href":"https:\/\/www.bestbuddiesturkey.org\/en\/wp-json\/wp\/v2\/pages\/1529"}],"collection":[{"href":"https:\/\/www.bestbuddiesturkey.org\/en\/wp-json\/wp\/v2\/pages"}],"about":[{"href":"https:\/\/www.bestbuddiesturkey.org\/en\/wp-json\/wp\/v2\/types\/page"}],"author":[{"embeddable":true,"href":"https:\/\/www.bestbuddiesturkey.org\/en\/wp-json\/wp\/v2\/users\/2"}],"replies":[{"embeddable":true,"href":"https:\/\/www.bestbuddiesturkey.org\/en\/wp-json\/wp\/v2\/comments?post=1529"}],"version-history":[{"count":2,"href":"https:\/\/www.bestbuddiesturkey.org\/en\/wp-json\/wp\/v2\/pages\/1529\/revisions"}],"predecessor-version":[{"id":2017,"href":"https:\/\/www.bestbuddiesturkey.org\/en\/wp-json\/wp\/v2\/pages\/1529\/revisions\/2017"}],"wp:attachment":[{"href":"https:\/\/www.bestbuddiesturkey.org\/en\/wp-json\/wp\/v2\/media?parent=1529"}],"curies":[{"name":"wp","href":"https:\/\/api.w.org\/{rel}","templated":true}]}}