{"id":1456,"date":"2020-03-08T13:17:54","date_gmt":"2020-03-08T10:17:54","guid":{"rendered":"https:\/\/www.bestbuddiesturkey.org\/videolar\/"},"modified":"2020-03-10T16:44:00","modified_gmt":"2020-03-10T13:44:00","slug":"videolar","status":"publish","type":"page","link":"https:\/\/www.bestbuddiesturkey.org\/en\/videolar\/","title":{"rendered":"Videos"},"content":{"rendered":"<p>[vc_row css_animation=&#8221;&#8221; row_type=&#8221;row&#8221; use_row_as_full_screen_section=&#8221;no&#8221; type=&#8221;grid&#8221; angled_section=&#8221;no&#8221; text_align=&#8221;left&#8221; background_image_as_pattern=&#8221;without_pattern&#8221; z_index=&#8221;&#8221; css=&#8221;.vc_custom_1583663196922{margin-top: 60px !important;padding-top: 20px !important;padding-bottom: 20px !important;}&#8221; background_color=&#8221;#5a3f98&#8243;][vc_column][vc_column_text]<\/p>\n<h6 style=\"text-align: center;\">Videos<\/h6>\n<p>[\/vc_column_text][\/vc_column][\/vc_row][vc_row css_animation=&#8221;&#8221; row_type=&#8221;row&#8221; use_row_as_full_screen_section=&#8221;no&#8221; type=&#8221;grid&#8221; angled_section=&#8221;no&#8221; text_align=&#8221;left&#8221; background_image_as_pattern=&#8221;without_pattern&#8221; z_index=&#8221;&#8221; css=&#8221;.vc_custom_1563870508338{padding-top: 40px !important;padding-bottom: 40px !important;}&#8221;][vc_column width=&#8221;1\/2&#8243;][vc_video link=&#8221;https:\/\/www.youtube.com\/watch?v=-o4oFWcw_ws&#8221; title=&#8221;BEST BUDDIES TURKEY TANITIM V\u0130DEOSU&#8221;][\/vc_column][vc_column width=&#8221;1\/2&#8243;][vc_video link=&#8221;https:\/\/www.youtube.com\/watch?v=A91Gq_KwxOw&#8221; title=&#8221;Best Buddies International Tan\u0131t\u0131m Videosu&#8221;][\/vc_column][\/vc_row][vc_row css_animation=&#8221;&#8221; row_type=&#8221;row&#8221; use_row_as_full_screen_section=&#8221;no&#8221; type=&#8221;grid&#8221; angled_section=&#8221;no&#8221; text_align=&#8221;left&#8221; background_image_as_pattern=&#8221;without_pattern&#8221; z_index=&#8221;&#8221;][vc_column][vc_separator type=&#8221;normal&#8221; thickness=&#8221;2&#8243; up=&#8221;8&#8243; down=&#8221;8&#8243;][\/vc_column][\/vc_row][vc_row css_animation=&#8221;&#8221; row_type=&#8221;row&#8221; use_row_as_full_screen_section=&#8221;no&#8221; type=&#8221;grid&#8221; angled_section=&#8221;no&#8221; text_align=&#8221;left&#8221; background_image_as_pattern=&#8221;without_pattern&#8221; z_index=&#8221;&#8221; css=&#8221;.vc_custom_1563870508338{padding-top: 40px !important;padding-bottom: 40px !important;}&#8221;][vc_column width=&#8221;1\/2&#8243;][vc_video link=&#8221;https:\/\/www.youtube.com\/watch?v=LcUEAel2j98&#8243; title=&#8221;Bire Bir Dostluklar&#8221;][\/vc_column][vc_column width=&#8221;1\/2&#8243;][vc_video link=&#8221;https:\/\/www.youtube.com\/watch?v=VU0aBaUTZUQ&#8221; title=&#8221;Best Buddies Turkey \u0130stek Belde Okullar\u0131&#8221;][\/vc_column][\/vc_row][vc_row css_animation=&#8221;&#8221; row_type=&#8221;row&#8221; use_row_as_full_screen_section=&#8221;no&#8221; type=&#8221;grid&#8221; angled_section=&#8221;no&#8221; text_align=&#8221;left&#8221; background_image_as_pattern=&#8221;without_pattern&#8221; z_index=&#8221;&#8221;][vc_column][vc_separator type=&#8221;normal&#8221; thickness=&#8221;2&#8243; up=&#8221;8&#8243; down=&#8221;8&#8243;][\/vc_column][\/vc_row][vc_row css_animation=&#8221;&#8221; row_type=&#8221;row&#8221; use_row_as_full_screen_section=&#8221;no&#8221; type=&#8221;grid&#8221; angled_section=&#8221;no&#8221; text_align=&#8221;left&#8221; background_image_as_pattern=&#8221;without_pattern&#8221; z_index=&#8221;&#8221; css=&#8221;.vc_custom_1563870508338{padding-top: 40px !important;padding-bottom: 40px !important;}&#8221;][vc_column width=&#8221;1\/2&#8243;][vc_video link=&#8221;https:\/\/www.youtube.com\/watch?v=pXboLknXqzg&#8221; title=&#8221;D\u00fc\u015fler Akademisi&#8217;nde Ne Yap\u0131yoruz &#8211; Best Buddies Turkey&#8221;][\/vc_column][vc_column width=&#8221;1\/2&#8243;][vc_video link=&#8221;https:\/\/www.youtube.com\/watch?v=4vWKzgfDwE4&#8243; title=&#8221;Best Buddies Turkey 80 Y\u0131l Cumhuriyet Anadolu Lisesi V E\u015fle\u015ftirme T\u00f6reni&#8221;][\/vc_column][\/vc_row][vc_row css_animation=&#8221;&#8221; row_type=&#8221;row&#8221; use_row_as_full_screen_section=&#8221;no&#8221; type=&#8221;grid&#8221; angled_section=&#8221;no&#8221; text_align=&#8221;left&#8221; background_image_as_pattern=&#8221;without_pattern&#8221; z_index=&#8221;&#8221;][vc_column][vc_separator type=&#8221;normal&#8221; thickness=&#8221;2&#8243; up=&#8221;8&#8243; down=&#8221;8&#8243;][\/vc_column][\/vc_row][vc_row css_animation=&#8221;&#8221; row_type=&#8221;row&#8221; use_row_as_full_screen_section=&#8221;no&#8221; type=&#8221;grid&#8221; angled_section=&#8221;no&#8221; text_align=&#8221;left&#8221; background_image_as_pattern=&#8221;without_pattern&#8221; z_index=&#8221;&#8221; css=&#8221;.vc_custom_1563870508338{padding-top: 40px !important;padding-bottom: 40px !important;}&#8221;][vc_column width=&#8221;1\/2&#8243;][vc_video link=&#8221;https:\/\/www.youtube.com\/watch?v=jAE6E40RHYg&#8221; title=&#8221;Best Buddies Turkey \u0130stanbul Anadolu Yakas\u0131 Liderlik Semineri 2019&#8243;][\/vc_column][vc_column width=&#8221;1\/2&#8243;][vc_video link=&#8221;https:\/\/www.youtube.com\/watch?v=heST7vX43ww&#8221; title=&#8221;Edirne VII. Best Buddies Turkey E\u015fle\u015ftirme T\u00f6reni&#8221;][\/vc_column][\/vc_row]<\/p>\n","protected":false},"excerpt":{"rendered":"<p>[vc_row css_animation=&#8221;&#8221; row_type=&#8221;row&#8221; use_row_as_full_screen_section=&#8221;no&#8221; type=&#8221;grid&#8221; angled_section=&#8221;no&#8221; text_align=&#8221;left&#8221; background_image_as_pattern=&#8221;without_pattern&#8221; z_index=&#8221;&#8221; css=&#8221;.vc_custom_1583663196922{margin-top: 60px !important;padding-top: 20px !important;padding-bottom: 20px !important;}&#8221; background_color=&#8221;#5a3f98&#8243;][vc_column][vc_column_text] Videos [\/vc_column_text][\/vc_column][\/vc_row][vc_row css_animation=&#8221;&#8221; row_type=&#8221;row&#8221; use_row_as_full_screen_section=&#8221;no&#8221; type=&#8221;grid&#8221; angled_section=&#8221;no&#8221; text_align=&#8221;left&#8221; background_image_as_pattern=&#8221;without_pattern&#8221; z_index=&#8221;&#8221; css=&#8221;.vc_custom_1563870508338{padding-top: 40px !important;padding-bottom: 40px !important;}&#8221;][vc_column width=&#8221;1\/2&#8243;][vc_video link=&#8221;https:\/\/www.youtube.com\/watch?v=-o4oFWcw_ws&#8221; title=&#8221;BEST BUDDIES TURKEY TANITIM V\u0130DEOSU&#8221;][\/vc_column][vc_column width=&#8221;1\/2&#8243;][vc_video link=&#8221;https:\/\/www.youtube.com\/watch?v=A91Gq_KwxOw&#8221; title=&#8221;Best Buddies International Tan\u0131t\u0131m&#8230;<\/p>\n","protected":false},"author":2,"featured_media":0,"parent":0,"menu_order":0,"comment_status":"closed","ping_status":"closed","template":"full_width.php","meta":{"footnotes":""},"yoast_head":"<!-- This site is optimized with the Yoast SEO plugin v21.1 - https:\/\/yoast.com\/wordpress\/plugins\/seo\/ -->\n<title>Videos - Best Buddies T\u00fcrkiye<\/title>\n<meta name=\"robots\" content=\"index, follow, max-snippet:-1, max-image-preview:large, max-video-preview:-1\" \/>\n<link rel=\"canonical\" href=\"https:\/\/www.bestbuddiesturkey.org\/en\/videolar\/\" \/>\n<meta property=\"og:locale\" content=\"en_US\" \/>\n<meta property=\"og:type\" content=\"article\" \/>\n<meta property=\"og:title\" content=\"Videos - Best Buddies T\u00fcrkiye\" \/>\n<meta property=\"og:description\" content=\"[vc_row css_animation=&#8221;&#8221; row_type=&#8221;row&#8221; use_row_as_full_screen_section=&#8221;no&#8221; type=&#8221;grid&#8221; angled_section=&#8221;no&#8221; text_align=&#8221;left&#8221; background_image_as_pattern=&#8221;without_pattern&#8221; z_index=&#8221;&#8221; css=&#8221;.vc_custom_1583663196922{margin-top: 60px !important;padding-top: 20px !important;padding-bottom: 20px !important;}&#8221; background_color=&#8221;#5a3f98&#8243;][vc_column][vc_column_text] Videos [\/vc_column_text][\/vc_column][\/vc_row][vc_row css_animation=&#8221;&#8221; row_type=&#8221;row&#8221; use_row_as_full_screen_section=&#8221;no&#8221; type=&#8221;grid&#8221; angled_section=&#8221;no&#8221; text_align=&#8221;left&#8221; background_image_as_pattern=&#8221;without_pattern&#8221; z_index=&#8221;&#8221; css=&#8221;.vc_custom_1563870508338{padding-top: 40px !important;padding-bottom: 40px !important;}&#8221;][vc_column width=&#8221;1\/2&#8243;][vc_video link=&#8221;https:\/\/www.youtube.com\/watch?v=-o4oFWcw_ws&#8221; title=&#8221;BEST BUDDIES TURKEY TANITIM V\u0130DEOSU&#8221;][\/vc_column][vc_column width=&#8221;1\/2&#8243;][vc_video link=&#8221;https:\/\/www.youtube.com\/watch?v=A91Gq_KwxOw&#8221; title=&#8221;Best Buddies International Tan\u0131t\u0131m...\" \/>\n<meta property=\"og:url\" content=\"https:\/\/www.bestbuddiesturkey.org\/en\/videolar\/\" \/>\n<meta property=\"og:site_name\" content=\"Best Buddies T\u00fcrkiye\" \/>\n<meta property=\"article:publisher\" content=\"https:\/\/www.facebook.com\/bestbuddiesturkey\" \/>\n<meta property=\"article:modified_time\" content=\"2020-03-10T13:44:00+00:00\" \/>\n<meta name=\"twitter:card\" content=\"summary_large_image\" \/>\n<meta name=\"twitter:site\" content=\"@BestBuddiesTR\" \/>\n<meta name=\"twitter:label1\" content=\"Est. reading time\" \/>\n\t<meta name=\"twitter:data1\" content=\"3 minutes\" \/>\n<script type=\"application\/ld+json\" class=\"yoast-schema-graph\">{\"@context\":\"https:\/\/schema.org\",\"@graph\":[{\"@type\":\"WebPage\",\"@id\":\"https:\/\/www.bestbuddiesturkey.org\/en\/videolar\/\",\"url\":\"https:\/\/www.bestbuddiesturkey.org\/en\/videolar\/\",\"name\":\"Videos - Best Buddies T\u00fcrkiye\",\"isPartOf\":{\"@id\":\"https:\/\/www.bestbuddiesturkey.org\/en\/#website\"},\"datePublished\":\"2020-03-08T10:17:54+00:00\",\"dateModified\":\"2020-03-10T13:44:00+00:00\",\"breadcrumb\":{\"@id\":\"https:\/\/www.bestbuddiesturkey.org\/en\/videolar\/#breadcrumb\"},\"inLanguage\":\"en-US\",\"potentialAction\":[{\"@type\":\"ReadAction\",\"target\":[\"https:\/\/www.bestbuddiesturkey.org\/en\/videolar\/\"]}]},{\"@type\":\"BreadcrumbList\",\"@id\":\"https:\/\/www.bestbuddiesturkey.org\/en\/videolar\/#breadcrumb\",\"itemListElement\":[{\"@type\":\"ListItem\",\"position\":1,\"name\":\"Anasayfa\",\"item\":\"https:\/\/www.bestbuddiesturkey.org\/en\/\"},{\"@type\":\"ListItem\",\"position\":2,\"name\":\"Videos\"}]},{\"@type\":\"WebSite\",\"@id\":\"https:\/\/www.bestbuddiesturkey.org\/en\/#website\",\"url\":\"https:\/\/www.bestbuddiesturkey.org\/en\/\",\"name\":\"Best Buddies T\u00fcrkiye\",\"description\":\"\",\"publisher\":{\"@id\":\"https:\/\/www.bestbuddiesturkey.org\/en\/#organization\"},\"potentialAction\":[{\"@type\":\"SearchAction\",\"target\":{\"@type\":\"EntryPoint\",\"urlTemplate\":\"https:\/\/www.bestbuddiesturkey.org\/en\/?s={search_term_string}\"},\"query-input\":\"required name=search_term_string\"}],\"inLanguage\":\"en-US\"},{\"@type\":\"Organization\",\"@id\":\"https:\/\/www.bestbuddiesturkey.org\/en\/#organization\",\"name\":\"Best Buddies T\u00fcrkiye\",\"url\":\"https:\/\/www.bestbuddiesturkey.org\/en\/\",\"logo\":{\"@type\":\"ImageObject\",\"inLanguage\":\"en-US\",\"@id\":\"https:\/\/www.bestbuddiesturkey.org\/en\/#\/schema\/logo\/image\/\",\"url\":\"https:\/\/www.bestbuddiesturkey.org\/wp-content\/uploads\/2019\/09\/bestb.jpg\",\"contentUrl\":\"https:\/\/www.bestbuddiesturkey.org\/wp-content\/uploads\/2019\/09\/bestb.jpg\",\"width\":288,\"height\":288,\"caption\":\"Best Buddies T\u00fcrkiye\"},\"image\":{\"@id\":\"https:\/\/www.bestbuddiesturkey.org\/en\/#\/schema\/logo\/image\/\"},\"sameAs\":[\"https:\/\/www.facebook.com\/bestbuddiesturkey\",\"https:\/\/twitter.com\/BestBuddiesTR\",\"https:\/\/www.youtube.com\/channel\/UCkgdM7hXI2jC4ppGGjRT1hw\",\"https:\/\/www.instagram.com\/BestBuddiesTR\/\"]}]}<\/script>\n<!-- \/ Yoast SEO plugin. -->","yoast_head_json":{"title":"Videos - Best Buddies T\u00fcrkiye","robots":{"index":"index","follow":"follow","max-snippet":"max-snippet:-1","max-image-preview":"max-image-preview:large","max-video-preview":"max-video-preview:-1"},"canonical":"https:\/\/www.bestbuddiesturkey.org\/en\/videolar\/","og_locale":"en_US","og_type":"article","og_title":"Videos - Best Buddies T\u00fcrkiye","og_description":"[vc_row css_animation=&#8221;&#8221; row_type=&#8221;row&#8221; use_row_as_full_screen_section=&#8221;no&#8221; type=&#8221;grid&#8221; angled_section=&#8221;no&#8221; text_align=&#8221;left&#8221; background_image_as_pattern=&#8221;without_pattern&#8221; z_index=&#8221;&#8221; css=&#8221;.vc_custom_1583663196922{margin-top: 60px !important;padding-top: 20px !important;padding-bottom: 20px !important;}&#8221; background_color=&#8221;#5a3f98&#8243;][vc_column][vc_column_text] Videos [\/vc_column_text][\/vc_column][\/vc_row][vc_row css_animation=&#8221;&#8221; row_type=&#8221;row&#8221; use_row_as_full_screen_section=&#8221;no&#8221; type=&#8221;grid&#8221; angled_section=&#8221;no&#8221; text_align=&#8221;left&#8221; background_image_as_pattern=&#8221;without_pattern&#8221; z_index=&#8221;&#8221; css=&#8221;.vc_custom_1563870508338{padding-top: 40px !important;padding-bottom: 40px !important;}&#8221;][vc_column width=&#8221;1\/2&#8243;][vc_video link=&#8221;https:\/\/www.youtube.com\/watch?v=-o4oFWcw_ws&#8221; title=&#8221;BEST BUDDIES TURKEY TANITIM V\u0130DEOSU&#8221;][\/vc_column][vc_column width=&#8221;1\/2&#8243;][vc_video link=&#8221;https:\/\/www.youtube.com\/watch?v=A91Gq_KwxOw&#8221; title=&#8221;Best Buddies International Tan\u0131t\u0131m...","og_url":"https:\/\/www.bestbuddiesturkey.org\/en\/videolar\/","og_site_name":"Best Buddies T\u00fcrkiye","article_publisher":"https:\/\/www.facebook.com\/bestbuddiesturkey","article_modified_time":"2020-03-10T13:44:00+00:00","twitter_card":"summary_large_image","twitter_site":"@BestBuddiesTR","twitter_misc":{"Est. reading time":"3 minutes"},"schema":{"@context":"https:\/\/schema.org","@graph":[{"@type":"WebPage","@id":"https:\/\/www.bestbuddiesturkey.org\/en\/videolar\/","url":"https:\/\/www.bestbuddiesturkey.org\/en\/videolar\/","name":"Videos - Best Buddies T\u00fcrkiye","isPartOf":{"@id":"https:\/\/www.bestbuddiesturkey.org\/en\/#website"},"datePublished":"2020-03-08T10:17:54+00:00","dateModified":"2020-03-10T13:44:00+00:00","breadcrumb":{"@id":"https:\/\/www.bestbuddiesturkey.org\/en\/videolar\/#breadcrumb"},"inLanguage":"en-US","potentialAction":[{"@type":"ReadAction","target":["https:\/\/www.bestbuddiesturkey.org\/en\/videolar\/"]}]},{"@type":"BreadcrumbList","@id":"https:\/\/www.bestbuddiesturkey.org\/en\/videolar\/#breadcrumb","itemListElement":[{"@type":"ListItem","position":1,"name":"Anasayfa","item":"https:\/\/www.bestbuddiesturkey.org\/en\/"},{"@type":"ListItem","position":2,"name":"Videos"}]},{"@type":"WebSite","@id":"https:\/\/www.bestbuddiesturkey.org\/en\/#website","url":"https:\/\/www.bestbuddiesturkey.org\/en\/","name":"Best Buddies T\u00fcrkiye","description":"","publisher":{"@id":"https:\/\/www.bestbuddiesturkey.org\/en\/#organization"},"potentialAction":[{"@type":"SearchAction","target":{"@type":"EntryPoint","urlTemplate":"https:\/\/www.bestbuddiesturkey.org\/en\/?s={search_term_string}"},"query-input":"required name=search_term_string"}],"inLanguage":"en-US"},{"@type":"Organization","@id":"https:\/\/www.bestbuddiesturkey.org\/en\/#organization","name":"Best Buddies T\u00fcrkiye","url":"https:\/\/www.bestbuddiesturkey.org\/en\/","logo":{"@type":"ImageObject","inLanguage":"en-US","@id":"https:\/\/www.bestbuddiesturkey.org\/en\/#\/schema\/logo\/image\/","url":"https:\/\/www.bestbuddiesturkey.org\/wp-content\/uploads\/2019\/09\/bestb.jpg","contentUrl":"https:\/\/www.bestbuddiesturkey.org\/wp-content\/uploads\/2019\/09\/bestb.jpg","width":288,"height":288,"caption":"Best Buddies T\u00fcrkiye"},"image":{"@id":"https:\/\/www.bestbuddiesturkey.org\/en\/#\/schema\/logo\/image\/"},"sameAs":["https:\/\/www.facebook.com\/bestbuddiesturkey","https:\/\/twitter.com\/BestBuddiesTR","https:\/\/www.youtube.com\/channel\/UCkgdM7hXI2jC4ppGGjRT1hw","https:\/\/www.instagram.com\/BestBuddiesTR\/"]}]}},"_links":{"self":[{"href":"https:\/\/www.bestbuddiesturkey.org\/en\/wp-json\/wp\/v2\/pages\/1456"}],"collection":[{"href":"https:\/\/www.bestbuddiesturkey.org\/en\/wp-json\/wp\/v2\/pages"}],"about":[{"href":"https:\/\/www.bestbuddiesturkey.org\/en\/wp-json\/wp\/v2\/types\/page"}],"author":[{"embeddable":true,"href":"https:\/\/www.bestbuddiesturkey.org\/en\/wp-json\/wp\/v2\/users\/2"}],"replies":[{"embeddable":true,"href":"https:\/\/www.bestbuddiesturkey.org\/en\/wp-json\/wp\/v2\/comments?post=1456"}],"version-history":[{"count":0,"href":"https:\/\/www.bestbuddiesturkey.org\/en\/wp-json\/wp\/v2\/pages\/1456\/revisions"}],"wp:attachment":[{"href":"https:\/\/www.bestbuddiesturkey.org\/en\/wp-json\/wp\/v2\/media?parent=1456"}],"curies":[{"name":"wp","href":"https:\/\/api.w.org\/{rel}","templated":true}]}}