{"id":1455,"date":"2019-07-27T11:14:10","date_gmt":"2019-07-27T08:14:10","guid":{"rendered":"https:\/\/www.bestbuddiesturkey.org\/sss\/"},"modified":"2020-03-10T17:19:10","modified_gmt":"2020-03-10T14:19:10","slug":"sss","status":"publish","type":"page","link":"https:\/\/www.bestbuddiesturkey.org\/en\/sss\/","title":{"rendered":"FAQ"},"content":{"rendered":"<p>[vc_row css_animation=&#8221;&#8221; row_type=&#8221;row&#8221; use_row_as_full_screen_section=&#8221;no&#8221; type=&#8221;grid&#8221; angled_section=&#8221;no&#8221; text_align=&#8221;left&#8221; background_image_as_pattern=&#8221;without_pattern&#8221; z_index=&#8221;&#8221; css=&#8221;.vc_custom_1566908633011{margin-top: 60px !important;}&#8221;][vc_column][vc_column_text]<\/p>\n<h2>Frequently Asked Questions<\/h2>\n<p>[\/vc_column_text][\/vc_column][\/vc_row][vc_row css_animation=&#8221;&#8221; row_type=&#8221;row&#8221; use_row_as_full_screen_section=&#8221;no&#8221; type=&#8221;grid&#8221; angled_section=&#8221;no&#8221; text_align=&#8221;left&#8221; background_image_as_pattern=&#8221;without_pattern&#8221; z_index=&#8221;&#8221; css=&#8221;.vc_custom_1564295205038{margin-top: 40px !important;margin-bottom: 60px !important;}&#8221;][vc_column]<div class=\"qode-accordion-holder clearfix qode-toggle qode-initial \">\n\t<h4 class=\"clearfix qode-title-holder\">\n<span class=\"qode-tab-title\">\n\t\t\t<span class=\"qode-tab-title-icon\">\n\t\t\t<i class=\"qodef-icon-linea-icon icon-arrows-down \" ><\/i>\t\t<\/span>\n\t    <span class=\"qode-tab-title-inner\">\n        Kimlerle E\u015fle\u015fece\u011fiz? T\u00fcm G\u00f6n\u00fcll\u00fcler E\u015fle\u015fecek mi?    <\/span>\n<\/span>\n<span class=\"qode-accordion-mark\">\n    <span class=\"qode-accordion-mark-icon\">\n        <span class=\"icon_plus\"><\/span>\n        <span class=\"icon_minus-06\"><\/span>\n    <\/span>\n<\/span>\n<\/h4>\n<div  class=\"qode-accordion-content qode-acc-title-with-icon\" >\n    <div class=\"qode-accordion-content-inner\">\n        [vc_column_text]Best Buddies Turkey, zihinsel ve geli\u015fimsel engeli bulunan bireylerle \u00e7al\u0131\u015f\u0131r. Bu kapsamda e\u011fitim\/terapi\/hizmet veren kurumlar ile ileti\u015fime ge\u00e7menizi \u00f6neriyoruz. (Rehabilitasyon ve ara\u015ft\u0131rma merkezleri, \u0130\u015f okullar\u0131, Dernek ve Vak\u0131flar vb.) Proje, s\u0131n\u0131rs\u0131z say\u0131da g\u00f6n\u00fcll\u00fcye a\u00e7\u0131kt\u0131r ancak t\u00fcm g\u00f6n\u00fcll\u00fcler e\u015fle\u015femeyebilir.[\/vc_column_text]    <\/div>\n<\/div><h4 class=\"clearfix qode-title-holder\">\n<span class=\"qode-tab-title\">\n\t\t\t<span class=\"qode-tab-title-icon\">\n\t\t\t<i class=\"qodef-icon-linea-icon icon-arrows-down \" ><\/i>\t\t<\/span>\n\t    <span class=\"qode-tab-title-inner\">\n        E\u015fle\u015fme Kriterleri Nelerdir? E\u015fle\u015femeyen G\u00f6n\u00fcll\u00fcler Ne Yapar?    <\/span>\n<\/span>\n<span class=\"qode-accordion-mark\">\n    <span class=\"qode-accordion-mark-icon\">\n        <span class=\"icon_plus\"><\/span>\n        <span class=\"icon_minus-06\"><\/span>\n    <\/span>\n<\/span>\n<\/h4>\n<div  class=\"qode-accordion-content qode-acc-title-with-icon\" >\n    <div class=\"qode-accordion-content-inner\">\n        [vc_column_text]E\u015fle\u015fmeler kura vb. y\u00f6ntemlerle ger\u00e7ekle\u015fmez, t\u00fcm d\u00fcnyada ayn\u0131 kriterler baz al\u0131narak yap\u0131l\u0131r. Bu kriterler: Ya\u015f, Cinsiyet, \u0130kamet, ve Hobiler. Birbirine uygun \u00f6zelliklere sahip ki\u015filer e\u015fle\u015ftirilir. E\u015fle\u015femeyen g\u00f6n\u00fcll\u00fcler ise projeye i\u015fletim ba\u015fl\u0131klar\u0131 alt\u0131ndaki di\u011fer konularda destek verir.[\/vc_column_text]    <\/div>\n<\/div><h4 class=\"clearfix qode-title-holder\">\n<span class=\"qode-tab-title\">\n\t\t\t<span class=\"qode-tab-title-icon\">\n\t\t\t<i class=\"qodef-icon-linea-icon icon-arrows-down \" ><\/i>\t\t<\/span>\n\t    <span class=\"qode-tab-title-inner\">\n        E\u015fle\u015fen G\u00f6n\u00fcll\u00fcler Buddy&#039;lerinden Sorumlu mudur?    <\/span>\n<\/span>\n<span class=\"qode-accordion-mark\">\n    <span class=\"qode-accordion-mark-icon\">\n        <span class=\"icon_plus\"><\/span>\n        <span class=\"icon_minus-06\"><\/span>\n    <\/span>\n<\/span>\n<\/h4>\n<div  class=\"qode-accordion-content qode-acc-title-with-icon\" >\n    <div class=\"qode-accordion-content-inner\">\n        [vc_column_text]Hay\u0131r, projede herkes kendisinden sorumludur. \u00d6zel bir bilgi verilmedik\u00e7e bireyler kendi sorumluluklar\u0131n\u0131 y\u00fcr\u00fct\u00fcrler. Bu bir koruyucu arkada\u015fl\u0131k program\u0131 de\u011fildir. Buddy\u2019lerinizin zihinsel ve geli\u015fim engel kapsamlar\u0131 projede e\u015flenecek Buddy\u2019e \u00f6zel bir gereklilik olmad\u0131\u011f\u0131 s\u00fcrece anlat\u0131lmaz.[\/vc_column_text]    <\/div>\n<\/div><h4 class=\"clearfix qode-title-holder\">\n<span class=\"qode-tab-title\">\n\t\t\t<span class=\"qode-tab-title-icon\">\n\t\t\t<i class=\"qodef-icon-linea-icon icon-arrows-down \" ><\/i>\t\t<\/span>\n\t    <span class=\"qode-tab-title-inner\">\n        Buddy&#039;mizden ve g\u00f6n\u00fcll\u00fcl\u00fckten ayr\u0131lmak istedik. Ne yapar\u0131z?    <\/span>\n<\/span>\n<span class=\"qode-accordion-mark\">\n    <span class=\"qode-accordion-mark-icon\">\n        <span class=\"icon_plus\"><\/span>\n        <span class=\"icon_minus-06\"><\/span>\n    <\/span>\n<\/span>\n<\/h4>\n<div  class=\"qode-accordion-content qode-acc-title-with-icon\" >\n    <div class=\"qode-accordion-content-inner\">\n        [vc_column_text]Bu durum her iki taraf\u0131n da en do\u011fal hakk\u0131n\u0131zd\u0131r. Bize ba\u015fvurdu\u011funuzda bu talebinizle ilgili sizinle ve Buddy&#8217;nizle g\u00f6r\u00fc\u015f\u00fcl\u00fcr. Gerekli ise, Buddy&#8217;nizin bu konu ile ilgili dan\u0131\u015fmanl\u0131k almas\u0131 tavsiye edilir. Bu duruma arkada\u015fl\u0131\u011f\u0131n \u00e7\u00f6z\u00fclmesi denir.<\/p>\n<p>Ayn\u0131 \u015fekilde; Best Buddies Turkey, g\u00f6n\u00fcll\u00fcler program\u0131 taahh\u00fct ettikleri \u015fekilde i\u015fletmiyorlarsa PROJEDEN ALAB\u0130L\u0130R.[\/vc_column_text]    <\/div>\n<\/div><h4 class=\"clearfix qode-title-holder\">\n<span class=\"qode-tab-title\">\n\t\t\t<span class=\"qode-tab-title-icon\">\n\t\t\t<i class=\"qodef-icon-linea-icon icon-arrows-down \" ><\/i>\t\t<\/span>\n\t    <span class=\"qode-tab-title-inner\">\n        1 Y\u0131l\u0131n Sonunda Buddy&#039;mizden Ayr\u0131lmak Zorunda m\u0131y\u0131z?    <\/span>\n<\/span>\n<span class=\"qode-accordion-mark\">\n    <span class=\"qode-accordion-mark-icon\">\n        <span class=\"icon_plus\"><\/span>\n        <span class=\"icon_minus-06\"><\/span>\n    <\/span>\n<\/span>\n<\/h4>\n<div  class=\"qode-accordion-content qode-acc-title-with-icon\" >\n    <div class=\"qode-accordion-content-inner\">\n        [vc_column_text]Bir y\u0131l\u0131n sonunda program sona erer ve her Buddy\u2019e sertifikalar\u0131 verilir. Uluslararas\u0131 olan bu sertifika, g\u00f6n\u00fcll\u00fcl\u00fck faaliyetinizin d\u00fcnya \u00e7ap\u0131nda tan\u0131nmas\u0131 anlam\u0131n\u0131 ta\u015f\u0131r.<\/p>\n<p>Best Buddies Turkey, bir y\u0131l\u0131n sonunda sizin arkada\u015fl\u0131\u011f\u0131n\u0131z\u0131n proje dahilindeki takip ve bilgilendirme safhas\u0131ndan ayr\u0131l\u0131r. Bu esnada eski BUDDY\u2019niz ile de g\u00f6r\u00fc\u015febilirsiniz.[\/vc_column_text]    <\/div>\n<\/div><\/div>[\/vc_column][\/vc_row][vc_row css_animation=&#8221;&#8221; row_type=&#8221;row&#8221; use_row_as_full_screen_section=&#8221;no&#8221; type=&#8221;grid&#8221; angled_section=&#8221;no&#8221; text_align=&#8221;left&#8221; background_image_as_pattern=&#8221;without_pattern&#8221; z_index=&#8221;&#8221; css=&#8221;.vc_custom_1563887773276{padding-top: 40px !important;padding-bottom: 40px !important;}&#8221; background_color=&#8221;rgba(90,63,152,0.5)&#8221;][vc_column width=&#8221;1\/2&#8243; css=&#8221;.vc_custom_1564208852638{padding-right: 40px !important;}&#8221;][vc_column_text]<\/p>\n<h5 class=\"aligncenter\">A Global Volunteer Movement<\/h5>\n<h4>Founded in 1989 by Anthony K. Shriver, Best Buddies is a vibrant organization that has grown from one original chapter to nearly 2,900 chapters worldwide, positively impacting the lives of over 1.25 million people with and without IDD. Best Buddies programs engage participants in each of the 50 states and in 54 countries around the world.<\/h4>\n<p>[\/vc_column_text]<a  itemprop=\"url\" href=\"https:\/\/www.bestbuddiesturkey.org\/gonullu-ol\/?lang=en\" target=\"_self\" data-hover-background-color=#5a3f98 data-hover-border-color=#5a3f98 data-hover-color=#ffffff class=\"qbutton  medium center default\" style=\"color: #ffffff; border-color: #ffd520; font-style: normal; font-weight: 700; font-family: Ubuntu; font-size: 14px; letter-spacing: 0.8px; margin: 20px 10px 10px 0px; border-radius: 0px;-moz-border-radius: 0px;-webkit-border-radius: 0px; background-color: #ffd520;\">Details &gt;<\/a>[\/vc_column][vc_column width=&#8221;1\/2&#8243;][vc_single_image image=&#8221;587&#8243; img_size=&#8221;full&#8221; qode_css_animation=&#8221;&#8221;][\/vc_column][\/vc_row]<\/p>\n","protected":false},"excerpt":{"rendered":"<p>[vc_row css_animation=&#8221;&#8221; row_type=&#8221;row&#8221; use_row_as_full_screen_section=&#8221;no&#8221; type=&#8221;grid&#8221; angled_section=&#8221;no&#8221; text_align=&#8221;left&#8221; background_image_as_pattern=&#8221;without_pattern&#8221; z_index=&#8221;&#8221; css=&#8221;.vc_custom_1566908633011{margin-top: 60px !important;}&#8221;][vc_column][vc_column_text] Frequently Asked Questions [\/vc_column_text][\/vc_column][\/vc_row][vc_row css_animation=&#8221;&#8221; row_type=&#8221;row&#8221; use_row_as_full_screen_section=&#8221;no&#8221; type=&#8221;grid&#8221; angled_section=&#8221;no&#8221; text_align=&#8221;left&#8221; background_image_as_pattern=&#8221;without_pattern&#8221; z_index=&#8221;&#8221; css=&#8221;.vc_custom_1564295205038{margin-top: 40px !important;margin-bottom: 60px !important;}&#8221;][vc_column][\/vc_column][\/vc_row][vc_row css_animation=&#8221;&#8221; row_type=&#8221;row&#8221; use_row_as_full_screen_section=&#8221;no&#8221; type=&#8221;grid&#8221; angled_section=&#8221;no&#8221; text_align=&#8221;left&#8221; background_image_as_pattern=&#8221;without_pattern&#8221; z_index=&#8221;&#8221; css=&#8221;.vc_custom_1563887773276{padding-top: 40px !important;padding-bottom: 40px !important;}&#8221; background_color=&#8221;rgba(90,63,152,0.5)&#8221;][vc_column width=&#8221;1\/2&#8243; css=&#8221;.vc_custom_1564208852638{padding-right:&#8230;<\/p>\n","protected":false},"author":2,"featured_media":0,"parent":0,"menu_order":0,"comment_status":"closed","ping_status":"closed","template":"full_width.php","meta":{"footnotes":""},"yoast_head":"<!-- This site is optimized with the Yoast SEO plugin v21.1 - https:\/\/yoast.com\/wordpress\/plugins\/seo\/ -->\n<title>FAQ - Best Buddies T\u00fcrkiye<\/title>\n<meta name=\"robots\" content=\"index, follow, max-snippet:-1, max-image-preview:large, max-video-preview:-1\" \/>\n<link rel=\"canonical\" href=\"https:\/\/www.bestbuddiesturkey.org\/en\/sss\/\" \/>\n<meta property=\"og:locale\" content=\"en_US\" \/>\n<meta property=\"og:type\" content=\"article\" \/>\n<meta property=\"og:title\" content=\"FAQ - Best Buddies T\u00fcrkiye\" \/>\n<meta property=\"og:description\" content=\"[vc_row css_animation=&#8221;&#8221; row_type=&#8221;row&#8221; use_row_as_full_screen_section=&#8221;no&#8221; type=&#8221;grid&#8221; angled_section=&#8221;no&#8221; text_align=&#8221;left&#8221; background_image_as_pattern=&#8221;without_pattern&#8221; z_index=&#8221;&#8221; css=&#8221;.vc_custom_1566908633011{margin-top: 60px !important;}&#8221;][vc_column][vc_column_text] Frequently Asked Questions [\/vc_column_text][\/vc_column][\/vc_row][vc_row css_animation=&#8221;&#8221; row_type=&#8221;row&#8221; use_row_as_full_screen_section=&#8221;no&#8221; type=&#8221;grid&#8221; angled_section=&#8221;no&#8221; text_align=&#8221;left&#8221; background_image_as_pattern=&#8221;without_pattern&#8221; z_index=&#8221;&#8221; css=&#8221;.vc_custom_1564295205038{margin-top: 40px !important;margin-bottom: 60px !important;}&#8221;][vc_column][\/vc_column][\/vc_row][vc_row css_animation=&#8221;&#8221; row_type=&#8221;row&#8221; use_row_as_full_screen_section=&#8221;no&#8221; type=&#8221;grid&#8221; angled_section=&#8221;no&#8221; text_align=&#8221;left&#8221; background_image_as_pattern=&#8221;without_pattern&#8221; z_index=&#8221;&#8221; css=&#8221;.vc_custom_1563887773276{padding-top: 40px !important;padding-bottom: 40px !important;}&#8221; background_color=&#8221;rgba(90,63,152,0.5)&#8221;][vc_column width=&#8221;1\/2&#8243; css=&#8221;.vc_custom_1564208852638{padding-right:...\" \/>\n<meta property=\"og:url\" content=\"https:\/\/www.bestbuddiesturkey.org\/en\/sss\/\" \/>\n<meta property=\"og:site_name\" content=\"Best Buddies T\u00fcrkiye\" \/>\n<meta property=\"article:publisher\" content=\"https:\/\/www.facebook.com\/bestbuddiesturkey\" \/>\n<meta property=\"article:modified_time\" content=\"2020-03-10T14:19:10+00:00\" \/>\n<meta name=\"twitter:card\" content=\"summary_large_image\" \/>\n<meta name=\"twitter:site\" content=\"@BestBuddiesTR\" \/>\n<meta name=\"twitter:label1\" content=\"Est. reading time\" \/>\n\t<meta name=\"twitter:data1\" content=\"4 minutes\" \/>\n<script type=\"application\/ld+json\" class=\"yoast-schema-graph\">{\"@context\":\"https:\/\/schema.org\",\"@graph\":[{\"@type\":\"WebPage\",\"@id\":\"https:\/\/www.bestbuddiesturkey.org\/en\/sss\/\",\"url\":\"https:\/\/www.bestbuddiesturkey.org\/en\/sss\/\",\"name\":\"FAQ - Best Buddies T\u00fcrkiye\",\"isPartOf\":{\"@id\":\"https:\/\/www.bestbuddiesturkey.org\/en\/#website\"},\"datePublished\":\"2019-07-27T08:14:10+00:00\",\"dateModified\":\"2020-03-10T14:19:10+00:00\",\"breadcrumb\":{\"@id\":\"https:\/\/www.bestbuddiesturkey.org\/en\/sss\/#breadcrumb\"},\"inLanguage\":\"en-US\",\"potentialAction\":[{\"@type\":\"ReadAction\",\"target\":[\"https:\/\/www.bestbuddiesturkey.org\/en\/sss\/\"]}]},{\"@type\":\"BreadcrumbList\",\"@id\":\"https:\/\/www.bestbuddiesturkey.org\/en\/sss\/#breadcrumb\",\"itemListElement\":[{\"@type\":\"ListItem\",\"position\":1,\"name\":\"Anasayfa\",\"item\":\"https:\/\/www.bestbuddiesturkey.org\/en\/\"},{\"@type\":\"ListItem\",\"position\":2,\"name\":\"FAQ\"}]},{\"@type\":\"WebSite\",\"@id\":\"https:\/\/www.bestbuddiesturkey.org\/en\/#website\",\"url\":\"https:\/\/www.bestbuddiesturkey.org\/en\/\",\"name\":\"Best Buddies T\u00fcrkiye\",\"description\":\"\",\"publisher\":{\"@id\":\"https:\/\/www.bestbuddiesturkey.org\/en\/#organization\"},\"potentialAction\":[{\"@type\":\"SearchAction\",\"target\":{\"@type\":\"EntryPoint\",\"urlTemplate\":\"https:\/\/www.bestbuddiesturkey.org\/en\/?s={search_term_string}\"},\"query-input\":\"required name=search_term_string\"}],\"inLanguage\":\"en-US\"},{\"@type\":\"Organization\",\"@id\":\"https:\/\/www.bestbuddiesturkey.org\/en\/#organization\",\"name\":\"Best Buddies T\u00fcrkiye\",\"url\":\"https:\/\/www.bestbuddiesturkey.org\/en\/\",\"logo\":{\"@type\":\"ImageObject\",\"inLanguage\":\"en-US\",\"@id\":\"https:\/\/www.bestbuddiesturkey.org\/en\/#\/schema\/logo\/image\/\",\"url\":\"https:\/\/www.bestbuddiesturkey.org\/wp-content\/uploads\/2019\/09\/bestb.jpg\",\"contentUrl\":\"https:\/\/www.bestbuddiesturkey.org\/wp-content\/uploads\/2019\/09\/bestb.jpg\",\"width\":288,\"height\":288,\"caption\":\"Best Buddies T\u00fcrkiye\"},\"image\":{\"@id\":\"https:\/\/www.bestbuddiesturkey.org\/en\/#\/schema\/logo\/image\/\"},\"sameAs\":[\"https:\/\/www.facebook.com\/bestbuddiesturkey\",\"https:\/\/twitter.com\/BestBuddiesTR\",\"https:\/\/www.youtube.com\/channel\/UCkgdM7hXI2jC4ppGGjRT1hw\",\"https:\/\/www.instagram.com\/BestBuddiesTR\/\"]}]}<\/script>\n<!-- \/ Yoast SEO plugin. -->","yoast_head_json":{"title":"FAQ - Best Buddies T\u00fcrkiye","robots":{"index":"index","follow":"follow","max-snippet":"max-snippet:-1","max-image-preview":"max-image-preview:large","max-video-preview":"max-video-preview:-1"},"canonical":"https:\/\/www.bestbuddiesturkey.org\/en\/sss\/","og_locale":"en_US","og_type":"article","og_title":"FAQ - Best Buddies T\u00fcrkiye","og_description":"[vc_row css_animation=&#8221;&#8221; row_type=&#8221;row&#8221; use_row_as_full_screen_section=&#8221;no&#8221; type=&#8221;grid&#8221; angled_section=&#8221;no&#8221; text_align=&#8221;left&#8221; background_image_as_pattern=&#8221;without_pattern&#8221; z_index=&#8221;&#8221; css=&#8221;.vc_custom_1566908633011{margin-top: 60px !important;}&#8221;][vc_column][vc_column_text] Frequently Asked Questions [\/vc_column_text][\/vc_column][\/vc_row][vc_row css_animation=&#8221;&#8221; row_type=&#8221;row&#8221; use_row_as_full_screen_section=&#8221;no&#8221; type=&#8221;grid&#8221; angled_section=&#8221;no&#8221; text_align=&#8221;left&#8221; background_image_as_pattern=&#8221;without_pattern&#8221; z_index=&#8221;&#8221; css=&#8221;.vc_custom_1564295205038{margin-top: 40px !important;margin-bottom: 60px !important;}&#8221;][vc_column][\/vc_column][\/vc_row][vc_row css_animation=&#8221;&#8221; row_type=&#8221;row&#8221; use_row_as_full_screen_section=&#8221;no&#8221; type=&#8221;grid&#8221; angled_section=&#8221;no&#8221; text_align=&#8221;left&#8221; background_image_as_pattern=&#8221;without_pattern&#8221; z_index=&#8221;&#8221; css=&#8221;.vc_custom_1563887773276{padding-top: 40px !important;padding-bottom: 40px !important;}&#8221; background_color=&#8221;rgba(90,63,152,0.5)&#8221;][vc_column width=&#8221;1\/2&#8243; css=&#8221;.vc_custom_1564208852638{padding-right:...","og_url":"https:\/\/www.bestbuddiesturkey.org\/en\/sss\/","og_site_name":"Best Buddies T\u00fcrkiye","article_publisher":"https:\/\/www.facebook.com\/bestbuddiesturkey","article_modified_time":"2020-03-10T14:19:10+00:00","twitter_card":"summary_large_image","twitter_site":"@BestBuddiesTR","twitter_misc":{"Est. reading time":"4 minutes"},"schema":{"@context":"https:\/\/schema.org","@graph":[{"@type":"WebPage","@id":"https:\/\/www.bestbuddiesturkey.org\/en\/sss\/","url":"https:\/\/www.bestbuddiesturkey.org\/en\/sss\/","name":"FAQ - Best Buddies T\u00fcrkiye","isPartOf":{"@id":"https:\/\/www.bestbuddiesturkey.org\/en\/#website"},"datePublished":"2019-07-27T08:14:10+00:00","dateModified":"2020-03-10T14:19:10+00:00","breadcrumb":{"@id":"https:\/\/www.bestbuddiesturkey.org\/en\/sss\/#breadcrumb"},"inLanguage":"en-US","potentialAction":[{"@type":"ReadAction","target":["https:\/\/www.bestbuddiesturkey.org\/en\/sss\/"]}]},{"@type":"BreadcrumbList","@id":"https:\/\/www.bestbuddiesturkey.org\/en\/sss\/#breadcrumb","itemListElement":[{"@type":"ListItem","position":1,"name":"Anasayfa","item":"https:\/\/www.bestbuddiesturkey.org\/en\/"},{"@type":"ListItem","position":2,"name":"FAQ"}]},{"@type":"WebSite","@id":"https:\/\/www.bestbuddiesturkey.org\/en\/#website","url":"https:\/\/www.bestbuddiesturkey.org\/en\/","name":"Best Buddies T\u00fcrkiye","description":"","publisher":{"@id":"https:\/\/www.bestbuddiesturkey.org\/en\/#organization"},"potentialAction":[{"@type":"SearchAction","target":{"@type":"EntryPoint","urlTemplate":"https:\/\/www.bestbuddiesturkey.org\/en\/?s={search_term_string}"},"query-input":"required name=search_term_string"}],"inLanguage":"en-US"},{"@type":"Organization","@id":"https:\/\/www.bestbuddiesturkey.org\/en\/#organization","name":"Best Buddies T\u00fcrkiye","url":"https:\/\/www.bestbuddiesturkey.org\/en\/","logo":{"@type":"ImageObject","inLanguage":"en-US","@id":"https:\/\/www.bestbuddiesturkey.org\/en\/#\/schema\/logo\/image\/","url":"https:\/\/www.bestbuddiesturkey.org\/wp-content\/uploads\/2019\/09\/bestb.jpg","contentUrl":"https:\/\/www.bestbuddiesturkey.org\/wp-content\/uploads\/2019\/09\/bestb.jpg","width":288,"height":288,"caption":"Best Buddies T\u00fcrkiye"},"image":{"@id":"https:\/\/www.bestbuddiesturkey.org\/en\/#\/schema\/logo\/image\/"},"sameAs":["https:\/\/www.facebook.com\/bestbuddiesturkey","https:\/\/twitter.com\/BestBuddiesTR","https:\/\/www.youtube.com\/channel\/UCkgdM7hXI2jC4ppGGjRT1hw","https:\/\/www.instagram.com\/BestBuddiesTR\/"]}]}},"_links":{"self":[{"href":"https:\/\/www.bestbuddiesturkey.org\/en\/wp-json\/wp\/v2\/pages\/1455"}],"collection":[{"href":"https:\/\/www.bestbuddiesturkey.org\/en\/wp-json\/wp\/v2\/pages"}],"about":[{"href":"https:\/\/www.bestbuddiesturkey.org\/en\/wp-json\/wp\/v2\/types\/page"}],"author":[{"embeddable":true,"href":"https:\/\/www.bestbuddiesturkey.org\/en\/wp-json\/wp\/v2\/users\/2"}],"replies":[{"embeddable":true,"href":"https:\/\/www.bestbuddiesturkey.org\/en\/wp-json\/wp\/v2\/comments?post=1455"}],"version-history":[{"count":0,"href":"https:\/\/www.bestbuddiesturkey.org\/en\/wp-json\/wp\/v2\/pages\/1455\/revisions"}],"wp:attachment":[{"href":"https:\/\/www.bestbuddiesturkey.org\/en\/wp-json\/wp\/v2\/media?parent=1455"}],"curies":[{"name":"wp","href":"https:\/\/api.w.org\/{rel}","templated":true}]}}