{"id":1412,"date":"2019-08-30T16:02:32","date_gmt":"2019-08-30T13:02:32","guid":{"rendered":"https:\/\/www.bestbuddiesturkey.org\/program-bul\/"},"modified":"2020-03-10T14:06:37","modified_gmt":"2020-03-10T11:06:37","slug":"program-bul","status":"publish","type":"page","link":"https:\/\/www.bestbuddiesturkey.org\/en\/program-bul\/","title":{"rendered":"Find Programs"},"content":{"rendered":"<p>[vc_row css_animation=&#8221;&#8221; row_type=&#8221;row&#8221; use_row_as_full_screen_section=&#8221;no&#8221; type=&#8221;grid&#8221; angled_section=&#8221;no&#8221; text_align=&#8221;left&#8221; background_image_as_pattern=&#8221;without_pattern&#8221; z_index=&#8221;&#8221; css=&#8221;.vc_custom_1566908604724{margin-top: 60px !important;}&#8221;][vc_column][vc_column_text]<\/p>\n<h2>Find Programs<\/h2>\n<p>[\/vc_column_text][\/vc_column][\/vc_row][vc_row css_animation=&#8221;&#8221; row_type=&#8221;row&#8221; use_row_as_full_screen_section=&#8221;no&#8221; type=&#8221;grid&#8221; angled_section=&#8221;no&#8221; text_align=&#8221;left&#8221; background_image_as_pattern=&#8221;without_pattern&#8221; z_index=&#8221;&#8221; css=&#8221;.vc_custom_1563870508338{padding-top: 40px !important;padding-bottom: 40px !important;}&#8221;][vc_column width=&#8221;1\/3&#8243; css=&#8221;.vc_custom_1564208881190{padding-right: 60px !important;}&#8221;][vc_column_text]Founded in 1989 by Anthony K. Shriver, Best Buddies is a vibrant organization that has grown from one original chapter to nearly 2,900 chapters worldwide, positively impacting the lives of over 1.25 million people with and without IDD. Best Buddies programs engage participants in each of the 50 states in US and in 54 countries around the world.[\/vc_column_text][\/vc_column][vc_column width=&#8221;2\/3&#8243;][vc_single_image image=&#8221;1040&#8243; img_size=&#8221;full&#8221; qode_css_animation=&#8221;&#8221;][\/vc_column][\/vc_row][vc_row css_animation=&#8221;&#8221; row_type=&#8221;row&#8221; use_row_as_full_screen_section=&#8221;no&#8221; type=&#8221;grid&#8221; angled_section=&#8221;no&#8221; text_align=&#8221;left&#8221; background_image_as_pattern=&#8221;with_pattern&#8221; z_index=&#8221;&#8221; css=&#8221;.vc_custom_1567970854198{padding-top: 30px !important;padding-bottom: 30px !important;}&#8221; background_color=&#8221;#f47836&#8243; anchor=&#8221;okullar&#8221;][vc_column][vc_column_text]<\/p>\n<h6>Partners<\/h6>\n<p>[\/vc_column_text][\/vc_column][\/vc_row][vc_row css_animation=&#8221;&#8221; row_type=&#8221;row&#8221; use_row_as_full_screen_section=&#8221;no&#8221; type=&#8221;grid&#8221; angled_section=&#8221;no&#8221; text_align=&#8221;left&#8221; background_image_as_pattern=&#8221;with_pattern&#8221; z_index=&#8221;&#8221; css=&#8221;.vc_custom_1583242270896{padding-top: 40px !important;padding-bottom: 10px !important;}&#8221; background_image=&#8221;884&#8243; background_color=&#8221;#efefef&#8221;][vc_column css=&#8221;.vc_custom_1564208881190{padding-right: 60px !important;}&#8221;][vc_column_text]<\/p>\n<h3>\u0130stanbul<\/h3>\n<p>[\/vc_column_text][\/vc_column][\/vc_row][vc_row css_animation=&#8221;&#8221; row_type=&#8221;row&#8221; use_row_as_full_screen_section=&#8221;no&#8221; type=&#8221;grid&#8221; angled_section=&#8221;no&#8221; text_align=&#8221;left&#8221; background_image_as_pattern=&#8221;with_pattern&#8221; z_index=&#8221;&#8221; css=&#8221;.vc_custom_1583242283961{padding-top: 10px !important;padding-bottom: 10px !important;}&#8221; background_image=&#8221;884&#8243; background_color=&#8221;#efefef&#8221;][vc_column width=&#8221;1\/3&#8243; css=&#8221;.vc_custom_1564208881190{padding-right: 60px !important;}&#8221;]<div class='q_list circle animate_list'><\/p>\n<ul>\n<li>A\u00e7\u0131 Lisesi<\/li>\n<li>Arnavutk\u00f6y Korkmaz Yi\u011fit Anadolu Lisesi<\/li>\n<li>Be\u015fikta\u015f Atat\u00fcrk Anadolu Lisesi<\/li>\n<li>Dar\u00fc\u015f\u015fafaka Lisesi<\/li>\n<li>Ey\u00fcbo\u011flu Koleji<\/li>\n<li>FMV \u00d6zel Ayaza\u011fa I\u015f\u0131k Lisesi<\/li>\n<li>H\u00fcseyin Avni S\u00f6zen Anadolu Lisesi<\/li>\n<li>\u0130stek Belde Lisesi<\/li>\n<\/ul>\n<p><\/div>[\/vc_column][vc_column width=&#8221;1\/3&#8243;]<div class='q_list circle animate_list'><\/p>\n<ul>\n<li>Kabata\u015f Erkek Lisesi<\/li>\n<li>Kad\u0131k\u00f6y Anadolu Lisesi<\/li>\n<li>Marmara Koleji<\/li>\n<li>Mef Lisesi<\/li>\n<li>Sevin\u00e7 Anadolu Lisesi<\/li>\n<li>Sev Amerikan Koleji<\/li>\n<li>TED \u0130stanbul Koleji<\/li>\n<li>\u0130stanbul \u00dcniversitesi<\/li>\n<\/ul>\n<p><\/div>[\/vc_column][vc_column width=&#8221;1\/3&#8243;]<div class='q_list circle animate_list'><\/p>\n<ul>\n<li>Marmara \u00dcniversitesi<\/li>\n<li>\u00d6zel Amerikan Robert Lisesi<\/li>\n<li>\u0130stek Kemal Atat\u00fcrk Lisesi<\/li>\n<li>Galatasaray Lisesi<\/li>\n<li>Ko\u00e7 Lisesi<\/li>\n<li>Valideba\u011f Fen Lisesi<\/li>\n<\/ul>\n<p><\/div>[\/vc_column][\/vc_row][vc_row css_animation=&#8221;&#8221; row_type=&#8221;row&#8221; use_row_as_full_screen_section=&#8221;no&#8221; type=&#8221;grid&#8221; angled_section=&#8221;no&#8221; text_align=&#8221;left&#8221; background_image_as_pattern=&#8221;with_pattern&#8221; z_index=&#8221;&#8221; css=&#8221;.vc_custom_1583242297847{padding-top: 10px !important;padding-bottom: 10px !important;}&#8221; background_image=&#8221;884&#8243; background_color=&#8221;#efefef&#8221;][vc_column css=&#8221;.vc_custom_1564208881190{padding-right: 60px !important;}&#8221;][vc_column_text]<\/p>\n<h3>Edirne<\/h3>\n<p>[\/vc_column_text][\/vc_column][\/vc_row][vc_row css_animation=&#8221;&#8221; row_type=&#8221;row&#8221; use_row_as_full_screen_section=&#8221;no&#8221; type=&#8221;grid&#8221; angled_section=&#8221;no&#8221; text_align=&#8221;left&#8221; background_image_as_pattern=&#8221;with_pattern&#8221; z_index=&#8221;&#8221; css=&#8221;.vc_custom_1583241862083{padding-top: 10px !important;padding-bottom: 20px !important;}&#8221; background_image=&#8221;884&#8243; background_color=&#8221;#efefef&#8221;][vc_column width=&#8221;1\/3&#8243; css=&#8221;.vc_custom_1564208881190{padding-right: 60px !important;}&#8221;]<div class='q_list circle animate_list'><\/p>\n<ul>\n<li>Edirne Sosyal Bilimler Lisesi<\/li>\n<li>Edirne Lisesi<\/li>\n<li>Edirne Bah\u00e7e\u015fehir Koleji<\/li>\n<\/ul>\n<p><\/div>[\/vc_column][vc_column width=&#8221;1\/3&#8243;]<div class='q_list circle animate_list'><\/p>\n<ul>\n<li>Edirne 80. Y\u0131l Cumhuriyet Anadolu Lisesi<\/li>\n<li>Edirne Nazmi Ar\u0131kan Fen Bilimleri Anadolu Lisesi<\/li>\n<li>Edirne Fatih Sultan Mehmet Ortaokulu<\/li>\n<\/ul>\n<p><\/div>[\/vc_column][vc_column width=&#8221;1\/3&#8243;]<div class='q_list circle animate_list'><\/p>\n<ul>\n<li>Edirne S\u0131nav Anadolu Lisesi<\/li>\n<li>Edirne S\u00fcleyman Demirel Fen Lisesi<\/li>\n<li>Trakya \u00dcniversitesi<\/li>\n<\/ul>\n<p><\/div>[\/vc_column][\/vc_row][vc_row css_animation=&#8221;&#8221; row_type=&#8221;row&#8221; use_row_as_full_screen_section=&#8221;no&#8221; type=&#8221;grid&#8221; angled_section=&#8221;no&#8221; text_align=&#8221;left&#8221; background_image_as_pattern=&#8221;with_pattern&#8221; z_index=&#8221;&#8221; css=&#8221;.vc_custom_1583242303071{padding-top: 10px !important;padding-bottom: 10px !important;}&#8221; background_image=&#8221;884&#8243; background_color=&#8221;#efefef&#8221;][vc_column css=&#8221;.vc_custom_1564208881190{padding-right: 60px !important;}&#8221;][vc_column_text]<\/p>\n<h3>Tekirda\u011f &#8211; K\u0131rklareli<\/h3>\n<p>[\/vc_column_text][\/vc_column][\/vc_row][vc_row css_animation=&#8221;&#8221; row_type=&#8221;row&#8221; use_row_as_full_screen_section=&#8221;no&#8221; type=&#8221;grid&#8221; angled_section=&#8221;no&#8221; text_align=&#8221;left&#8221; background_image_as_pattern=&#8221;with_pattern&#8221; z_index=&#8221;&#8221; css=&#8221;.vc_custom_1583241862083{padding-top: 10px !important;padding-bottom: 20px !important;}&#8221; background_image=&#8221;884&#8243; background_color=&#8221;#efefef&#8221;][vc_column width=&#8221;1\/3&#8243; css=&#8221;.vc_custom_1564208881190{padding-right: 60px !important;}&#8221;]<div class='q_list circle animate_list'><\/p>\n<ul>\n<li>Saray Mesleki ve Teknik Anadolu Lisesi<\/li>\n<li>Saray Mustafa Elmas Ar\u0131c\u0131 Anadolu Lisesi<\/li>\n<\/ul>\n<p><\/div>[\/vc_column][vc_column width=&#8221;1\/3&#8243;]<div class='q_list circle animate_list'><\/p>\n<ul>\n<li>L\u00fcleburgaz Anadolu Lisesi<\/li>\n<li>L\u00fcleburgaz Bah\u00e7e\u015fehir Koleji<\/li>\n<\/ul>\n<p><\/div>[\/vc_column][vc_column width=&#8221;1\/3&#8243;]<div class='q_list circle animate_list'><\/p>\n<ul>\n<li>L\u00fcleburgaz \u015eehit R\u00fcstem Resul \u00d6zel E\u011fitim Uygulama Merkezi<\/li>\n<\/ul>\n<p><\/div>[\/vc_column][\/vc_row][vc_row css_animation=&#8221;&#8221; row_type=&#8221;row&#8221; use_row_as_full_screen_section=&#8221;no&#8221; type=&#8221;grid&#8221; angled_section=&#8221;no&#8221; text_align=&#8221;left&#8221; background_image_as_pattern=&#8221;with_pattern&#8221; z_index=&#8221;&#8221; css=&#8221;.vc_custom_1583242308752{padding-top: 10px !important;padding-bottom: 10px !important;}&#8221; background_image=&#8221;884&#8243; background_color=&#8221;#efefef&#8221;][vc_column css=&#8221;.vc_custom_1564208881190{padding-right: 60px !important;}&#8221;][vc_column_text]<\/p>\n<h3>\u0130zmir<\/h3>\n<p>[\/vc_column_text][\/vc_column][\/vc_row][vc_row css_animation=&#8221;&#8221; row_type=&#8221;row&#8221; use_row_as_full_screen_section=&#8221;no&#8221; type=&#8221;grid&#8221; angled_section=&#8221;no&#8221; text_align=&#8221;left&#8221; background_image_as_pattern=&#8221;with_pattern&#8221; z_index=&#8221;&#8221; css=&#8221;.vc_custom_1583241862083{padding-top: 10px !important;padding-bottom: 20px !important;}&#8221; background_image=&#8221;884&#8243; background_color=&#8221;#efefef&#8221;][vc_column width=&#8221;1\/3&#8243; css=&#8221;.vc_custom_1564208881190{padding-right: 60px !important;}&#8221;]<div class='q_list circle animate_list'><\/p>\n<ul>\n<li>Bergama 13 Nisan Anadolu Lisesi<\/li>\n<li>Bergama 14 Eyl\u00fcl Anadolu Lisesi<\/li>\n<\/ul>\n<p><\/div>[\/vc_column][vc_column width=&#8221;1\/3&#8243;]<div class='q_list circle animate_list'><\/p>\n<ul>\n<li>Bergama 70. Y\u0131l Anadolu Sa\u011fl\u0131k Meslek Lisesi<\/li>\n<\/ul>\n<p><\/div>[\/vc_column][vc_column width=&#8221;1\/3&#8243;]<div class='q_list circle animate_list'><\/p>\n<ul>\n<li>Bergama Bak\u0131r\u00e7ay Mesleki ve Teknik Anadolu Lisesi<\/li>\n<\/ul>\n<p><\/div>[\/vc_column][\/vc_row][vc_row css_animation=&#8221;&#8221; row_type=&#8221;row&#8221; use_row_as_full_screen_section=&#8221;no&#8221; type=&#8221;grid&#8221; angled_section=&#8221;no&#8221; text_align=&#8221;left&#8221; background_image_as_pattern=&#8221;without_pattern&#8221; el_id=&#8221;row&#8221; z_index=&#8221;&#8221; css=&#8221;.vc_custom_1567171852924{margin-top: 60px !important;margin-bottom: 40px !important;}&#8221;][vc_column width=&#8221;1\/2&#8243; css=&#8221;.vc_custom_1563091084803{margin-bottom: 32px !important;}&#8221;][qode_elements_holder number_of_columns=&#8221;one_column&#8221;][qode_elements_holder_item advanced_animations=&#8221;no&#8221; background_color=&#8221;rgba(90,63,152,0.05)&#8221;][vc_single_image image=&#8221;1212&#8243; img_size=&#8221;full&#8221; alignment=&#8221;center&#8221; onclick=&#8221;custom_link&#8221; img_link_target=&#8221;_blank&#8221; qode_css_animation=&#8221;&#8221; link=&#8221;https:\/\/www.bestbuddies.org\/us-programs\/&#8221;][vc_empty_space height=&#8221;18px&#8221;][vc_column_text css=&#8221;.vc_custom_1583838386886{padding-right: 40px !important;padding-left: 40px !important;}&#8221;]<\/p>\n<h2 style=\"text-align: center;\">USA<\/h2>\n<p>&nbsp;<\/p>\n<p style=\"text-align: center;\">Best Buddies is active in each of the 50 United States. Access to the programs offered within our Friendship, Jobs, Leadership Development, and Inclusive Living mission pillars will vary based on region.<\/p>\n<p>[\/vc_column_text][vc_empty_space height=&#8221;18px&#8221;]<a  itemprop=\"url\" href=\"https:\/\/www.bestbuddies.org\/us-programs\/\" target=\"_blank\" data-hover-background-color=#5a3f98 data-hover-border-color=#5a3f98 data-hover-color=#ffffff class=\"qbutton  big_large_full_width center default\" style=\"color: #ffffff; border-color: #ffd520; font-style: normal; font-weight: 700; font-family: Ubuntu; font-size: 16px; letter-spacing: 0.6px; margin: 0px 10px 0px 0px; border-radius: 0px;-moz-border-radius: 0px;-webkit-border-radius: 0px; background-color: #ffd520;\">Find Programs &gt;<\/a>[\/qode_elements_holder_item][\/qode_elements_holder][\/vc_column][vc_column width=&#8221;1\/2&#8243; css=&#8221;.vc_custom_1563091074760{margin-bottom: 32px !important;}&#8221;][qode_elements_holder number_of_columns=&#8221;one_column&#8221;][qode_elements_holder_item advanced_animations=&#8221;no&#8221; background_color=&#8221;rgba(90,63,152,0.05)&#8221;][vc_single_image image=&#8221;1213&#8243; img_size=&#8221;full&#8221; alignment=&#8221;center&#8221; onclick=&#8221;custom_link&#8221; img_link_target=&#8221;_blank&#8221; qode_css_animation=&#8221;&#8221; link=&#8221;https:\/\/www.bestbuddies.org\/international-programs\/&#8221;][vc_empty_space height=&#8221;18px&#8221;][vc_column_text css=&#8221;.vc_custom_1583838395290{padding-right: 40px !important;padding-left: 40px !important;}&#8221;]<\/p>\n<h2 style=\"text-align: center;\">International<\/h2>\n<p>&nbsp;<\/p>\n<p style=\"text-align: center;\">Best Buddies offers accredited international programs in 53 countries worldwide. Access to the programs offered within our Friendship, Jobs, Leadership Development, and Inclusive Living mission pillars will vary based on region.<\/p>\n<p>[\/vc_column_text][vc_empty_space height=&#8221;18px&#8221;]<a  itemprop=\"url\" href=\"https:\/\/www.bestbuddies.org\/international-programs\/\" target=\"_blank\" data-hover-background-color=#5a3f98 data-hover-border-color=#5a3f98 data-hover-color=#ffffff class=\"qbutton  big_large_full_width center default\" style=\"color: #ffffff; border-color: #ffd520; font-style: normal; font-weight: 700; font-family: Ubuntu; font-size: 16px; letter-spacing: 0.6px; margin: 0px 10px 0px 0px; border-radius: 0px;-moz-border-radius: 0px;-webkit-border-radius: 0px; background-color: #ffd520;\">Find Programs &gt;<\/a>[\/qode_elements_holder_item][\/qode_elements_holder][\/vc_column][\/vc_row]<\/p>\n","protected":false},"excerpt":{"rendered":"<p>[vc_row css_animation=&#8221;&#8221; row_type=&#8221;row&#8221; use_row_as_full_screen_section=&#8221;no&#8221; type=&#8221;grid&#8221; angled_section=&#8221;no&#8221; text_align=&#8221;left&#8221; background_image_as_pattern=&#8221;without_pattern&#8221; z_index=&#8221;&#8221; css=&#8221;.vc_custom_1566908604724{margin-top: 60px !important;}&#8221;][vc_column][vc_column_text] Find Programs [\/vc_column_text][\/vc_column][\/vc_row][vc_row css_animation=&#8221;&#8221; row_type=&#8221;row&#8221; use_row_as_full_screen_section=&#8221;no&#8221; type=&#8221;grid&#8221; angled_section=&#8221;no&#8221; text_align=&#8221;left&#8221; background_image_as_pattern=&#8221;without_pattern&#8221; z_index=&#8221;&#8221; css=&#8221;.vc_custom_1563870508338{padding-top: 40px !important;padding-bottom: 40px !important;}&#8221;][vc_column width=&#8221;1\/3&#8243; css=&#8221;.vc_custom_1564208881190{padding-right: 60px !important;}&#8221;][vc_column_text]Founded in 1989 by Anthony K. Shriver, Best Buddies is a vibrant organization that&#8230;<\/p>\n","protected":false},"author":2,"featured_media":0,"parent":0,"menu_order":0,"comment_status":"closed","ping_status":"closed","template":"full_width.php","meta":{"footnotes":""},"yoast_head":"<!-- This site is optimized with the Yoast SEO plugin v21.1 - https:\/\/yoast.com\/wordpress\/plugins\/seo\/ -->\n<title>Find Programs - Best Buddies T\u00fcrkiye<\/title>\n<meta name=\"robots\" content=\"index, follow, max-snippet:-1, max-image-preview:large, max-video-preview:-1\" \/>\n<link rel=\"canonical\" href=\"https:\/\/www.bestbuddiesturkey.org\/en\/program-bul\/\" \/>\n<meta property=\"og:locale\" content=\"en_US\" \/>\n<meta property=\"og:type\" content=\"article\" \/>\n<meta property=\"og:title\" content=\"Find Programs - Best Buddies T\u00fcrkiye\" \/>\n<meta property=\"og:description\" content=\"[vc_row css_animation=&#8221;&#8221; row_type=&#8221;row&#8221; use_row_as_full_screen_section=&#8221;no&#8221; type=&#8221;grid&#8221; angled_section=&#8221;no&#8221; text_align=&#8221;left&#8221; background_image_as_pattern=&#8221;without_pattern&#8221; z_index=&#8221;&#8221; css=&#8221;.vc_custom_1566908604724{margin-top: 60px !important;}&#8221;][vc_column][vc_column_text] Find Programs [\/vc_column_text][\/vc_column][\/vc_row][vc_row css_animation=&#8221;&#8221; row_type=&#8221;row&#8221; use_row_as_full_screen_section=&#8221;no&#8221; type=&#8221;grid&#8221; angled_section=&#8221;no&#8221; text_align=&#8221;left&#8221; background_image_as_pattern=&#8221;without_pattern&#8221; z_index=&#8221;&#8221; css=&#8221;.vc_custom_1563870508338{padding-top: 40px !important;padding-bottom: 40px !important;}&#8221;][vc_column width=&#8221;1\/3&#8243; css=&#8221;.vc_custom_1564208881190{padding-right: 60px !important;}&#8221;][vc_column_text]Founded in 1989 by Anthony K. Shriver, Best Buddies is a vibrant organization that...\" \/>\n<meta property=\"og:url\" content=\"https:\/\/www.bestbuddiesturkey.org\/en\/program-bul\/\" \/>\n<meta property=\"og:site_name\" content=\"Best Buddies T\u00fcrkiye\" \/>\n<meta property=\"article:publisher\" content=\"https:\/\/www.facebook.com\/bestbuddiesturkey\" \/>\n<meta property=\"article:modified_time\" content=\"2020-03-10T11:06:37+00:00\" \/>\n<meta name=\"twitter:card\" content=\"summary_large_image\" \/>\n<meta name=\"twitter:site\" content=\"@BestBuddiesTR\" \/>\n<meta name=\"twitter:label1\" content=\"Est. reading time\" \/>\n\t<meta name=\"twitter:data1\" content=\"7 minutes\" \/>\n<script type=\"application\/ld+json\" class=\"yoast-schema-graph\">{\"@context\":\"https:\/\/schema.org\",\"@graph\":[{\"@type\":\"WebPage\",\"@id\":\"https:\/\/www.bestbuddiesturkey.org\/en\/program-bul\/\",\"url\":\"https:\/\/www.bestbuddiesturkey.org\/en\/program-bul\/\",\"name\":\"Find Programs - Best Buddies T\u00fcrkiye\",\"isPartOf\":{\"@id\":\"https:\/\/www.bestbuddiesturkey.org\/en\/#website\"},\"datePublished\":\"2019-08-30T13:02:32+00:00\",\"dateModified\":\"2020-03-10T11:06:37+00:00\",\"breadcrumb\":{\"@id\":\"https:\/\/www.bestbuddiesturkey.org\/en\/program-bul\/#breadcrumb\"},\"inLanguage\":\"en-US\",\"potentialAction\":[{\"@type\":\"ReadAction\",\"target\":[\"https:\/\/www.bestbuddiesturkey.org\/en\/program-bul\/\"]}]},{\"@type\":\"BreadcrumbList\",\"@id\":\"https:\/\/www.bestbuddiesturkey.org\/en\/program-bul\/#breadcrumb\",\"itemListElement\":[{\"@type\":\"ListItem\",\"position\":1,\"name\":\"Anasayfa\",\"item\":\"https:\/\/www.bestbuddiesturkey.org\/en\/\"},{\"@type\":\"ListItem\",\"position\":2,\"name\":\"Find Programs\"}]},{\"@type\":\"WebSite\",\"@id\":\"https:\/\/www.bestbuddiesturkey.org\/en\/#website\",\"url\":\"https:\/\/www.bestbuddiesturkey.org\/en\/\",\"name\":\"Best Buddies T\u00fcrkiye\",\"description\":\"\",\"publisher\":{\"@id\":\"https:\/\/www.bestbuddiesturkey.org\/en\/#organization\"},\"potentialAction\":[{\"@type\":\"SearchAction\",\"target\":{\"@type\":\"EntryPoint\",\"urlTemplate\":\"https:\/\/www.bestbuddiesturkey.org\/en\/?s={search_term_string}\"},\"query-input\":\"required name=search_term_string\"}],\"inLanguage\":\"en-US\"},{\"@type\":\"Organization\",\"@id\":\"https:\/\/www.bestbuddiesturkey.org\/en\/#organization\",\"name\":\"Best Buddies T\u00fcrkiye\",\"url\":\"https:\/\/www.bestbuddiesturkey.org\/en\/\",\"logo\":{\"@type\":\"ImageObject\",\"inLanguage\":\"en-US\",\"@id\":\"https:\/\/www.bestbuddiesturkey.org\/en\/#\/schema\/logo\/image\/\",\"url\":\"https:\/\/www.bestbuddiesturkey.org\/wp-content\/uploads\/2019\/09\/bestb.jpg\",\"contentUrl\":\"https:\/\/www.bestbuddiesturkey.org\/wp-content\/uploads\/2019\/09\/bestb.jpg\",\"width\":288,\"height\":288,\"caption\":\"Best Buddies T\u00fcrkiye\"},\"image\":{\"@id\":\"https:\/\/www.bestbuddiesturkey.org\/en\/#\/schema\/logo\/image\/\"},\"sameAs\":[\"https:\/\/www.facebook.com\/bestbuddiesturkey\",\"https:\/\/twitter.com\/BestBuddiesTR\",\"https:\/\/www.youtube.com\/channel\/UCkgdM7hXI2jC4ppGGjRT1hw\",\"https:\/\/www.instagram.com\/BestBuddiesTR\/\"]}]}<\/script>\n<!-- \/ Yoast SEO plugin. -->","yoast_head_json":{"title":"Find Programs - Best Buddies T\u00fcrkiye","robots":{"index":"index","follow":"follow","max-snippet":"max-snippet:-1","max-image-preview":"max-image-preview:large","max-video-preview":"max-video-preview:-1"},"canonical":"https:\/\/www.bestbuddiesturkey.org\/en\/program-bul\/","og_locale":"en_US","og_type":"article","og_title":"Find Programs - Best Buddies T\u00fcrkiye","og_description":"[vc_row css_animation=&#8221;&#8221; row_type=&#8221;row&#8221; use_row_as_full_screen_section=&#8221;no&#8221; type=&#8221;grid&#8221; angled_section=&#8221;no&#8221; text_align=&#8221;left&#8221; background_image_as_pattern=&#8221;without_pattern&#8221; z_index=&#8221;&#8221; css=&#8221;.vc_custom_1566908604724{margin-top: 60px !important;}&#8221;][vc_column][vc_column_text] Find Programs [\/vc_column_text][\/vc_column][\/vc_row][vc_row css_animation=&#8221;&#8221; row_type=&#8221;row&#8221; use_row_as_full_screen_section=&#8221;no&#8221; type=&#8221;grid&#8221; angled_section=&#8221;no&#8221; text_align=&#8221;left&#8221; background_image_as_pattern=&#8221;without_pattern&#8221; z_index=&#8221;&#8221; css=&#8221;.vc_custom_1563870508338{padding-top: 40px !important;padding-bottom: 40px !important;}&#8221;][vc_column width=&#8221;1\/3&#8243; css=&#8221;.vc_custom_1564208881190{padding-right: 60px !important;}&#8221;][vc_column_text]Founded in 1989 by Anthony K. Shriver, Best Buddies is a vibrant organization that...","og_url":"https:\/\/www.bestbuddiesturkey.org\/en\/program-bul\/","og_site_name":"Best Buddies T\u00fcrkiye","article_publisher":"https:\/\/www.facebook.com\/bestbuddiesturkey","article_modified_time":"2020-03-10T11:06:37+00:00","twitter_card":"summary_large_image","twitter_site":"@BestBuddiesTR","twitter_misc":{"Est. reading time":"7 minutes"},"schema":{"@context":"https:\/\/schema.org","@graph":[{"@type":"WebPage","@id":"https:\/\/www.bestbuddiesturkey.org\/en\/program-bul\/","url":"https:\/\/www.bestbuddiesturkey.org\/en\/program-bul\/","name":"Find Programs - Best Buddies T\u00fcrkiye","isPartOf":{"@id":"https:\/\/www.bestbuddiesturkey.org\/en\/#website"},"datePublished":"2019-08-30T13:02:32+00:00","dateModified":"2020-03-10T11:06:37+00:00","breadcrumb":{"@id":"https:\/\/www.bestbuddiesturkey.org\/en\/program-bul\/#breadcrumb"},"inLanguage":"en-US","potentialAction":[{"@type":"ReadAction","target":["https:\/\/www.bestbuddiesturkey.org\/en\/program-bul\/"]}]},{"@type":"BreadcrumbList","@id":"https:\/\/www.bestbuddiesturkey.org\/en\/program-bul\/#breadcrumb","itemListElement":[{"@type":"ListItem","position":1,"name":"Anasayfa","item":"https:\/\/www.bestbuddiesturkey.org\/en\/"},{"@type":"ListItem","position":2,"name":"Find Programs"}]},{"@type":"WebSite","@id":"https:\/\/www.bestbuddiesturkey.org\/en\/#website","url":"https:\/\/www.bestbuddiesturkey.org\/en\/","name":"Best Buddies T\u00fcrkiye","description":"","publisher":{"@id":"https:\/\/www.bestbuddiesturkey.org\/en\/#organization"},"potentialAction":[{"@type":"SearchAction","target":{"@type":"EntryPoint","urlTemplate":"https:\/\/www.bestbuddiesturkey.org\/en\/?s={search_term_string}"},"query-input":"required name=search_term_string"}],"inLanguage":"en-US"},{"@type":"Organization","@id":"https:\/\/www.bestbuddiesturkey.org\/en\/#organization","name":"Best Buddies T\u00fcrkiye","url":"https:\/\/www.bestbuddiesturkey.org\/en\/","logo":{"@type":"ImageObject","inLanguage":"en-US","@id":"https:\/\/www.bestbuddiesturkey.org\/en\/#\/schema\/logo\/image\/","url":"https:\/\/www.bestbuddiesturkey.org\/wp-content\/uploads\/2019\/09\/bestb.jpg","contentUrl":"https:\/\/www.bestbuddiesturkey.org\/wp-content\/uploads\/2019\/09\/bestb.jpg","width":288,"height":288,"caption":"Best Buddies T\u00fcrkiye"},"image":{"@id":"https:\/\/www.bestbuddiesturkey.org\/en\/#\/schema\/logo\/image\/"},"sameAs":["https:\/\/www.facebook.com\/bestbuddiesturkey","https:\/\/twitter.com\/BestBuddiesTR","https:\/\/www.youtube.com\/channel\/UCkgdM7hXI2jC4ppGGjRT1hw","https:\/\/www.instagram.com\/BestBuddiesTR\/"]}]}},"_links":{"self":[{"href":"https:\/\/www.bestbuddiesturkey.org\/en\/wp-json\/wp\/v2\/pages\/1412"}],"collection":[{"href":"https:\/\/www.bestbuddiesturkey.org\/en\/wp-json\/wp\/v2\/pages"}],"about":[{"href":"https:\/\/www.bestbuddiesturkey.org\/en\/wp-json\/wp\/v2\/types\/page"}],"author":[{"embeddable":true,"href":"https:\/\/www.bestbuddiesturkey.org\/en\/wp-json\/wp\/v2\/users\/2"}],"replies":[{"embeddable":true,"href":"https:\/\/www.bestbuddiesturkey.org\/en\/wp-json\/wp\/v2\/comments?post=1412"}],"version-history":[{"count":0,"href":"https:\/\/www.bestbuddiesturkey.org\/en\/wp-json\/wp\/v2\/pages\/1412\/revisions"}],"wp:attachment":[{"href":"https:\/\/www.bestbuddiesturkey.org\/en\/wp-json\/wp\/v2\/media?parent=1412"}],"curies":[{"name":"wp","href":"https:\/\/api.w.org\/{rel}","templated":true}]}}