{"id":1380,"date":"2019-09-11T10:19:20","date_gmt":"2019-09-11T07:19:20","guid":{"rendered":"https:\/\/www.bestbuddiesturkey.org\/best-buddies-turkey\/"},"modified":"2020-03-10T15:21:32","modified_gmt":"2020-03-10T12:21:32","slug":"best-buddies-turkey","status":"publish","type":"page","link":"https:\/\/www.bestbuddiesturkey.org\/en\/best-buddies-turkey\/","title":{"rendered":"Best Buddies Turkey"},"content":{"rendered":"<p>[vc_row css_animation=&#8221;&#8221; row_type=&#8221;row&#8221; use_row_as_full_screen_section=&#8221;no&#8221; type=&#8221;grid&#8221; angled_section=&#8221;no&#8221; text_align=&#8221;left&#8221; background_image_as_pattern=&#8221;without_pattern&#8221; z_index=&#8221;&#8221; css=&#8221;.vc_custom_1566908521537{margin-top: 60px !important;}&#8221;][vc_column css=&#8221;.vc_custom_1568187217085{padding-right: 20px !important;padding-bottom: 20px !important;}&#8221;][vc_column_text]<\/p>\n<h2>Best Buddies Turkey<\/h2>\n<p>[\/vc_column_text][\/vc_column][\/vc_row][vc_row css_animation=&#8221;&#8221; row_type=&#8221;row&#8221; use_row_as_full_screen_section=&#8221;no&#8221; type=&#8221;grid&#8221; angled_section=&#8221;no&#8221; text_align=&#8221;left&#8221; background_image_as_pattern=&#8221;without_pattern&#8221; z_index=&#8221;&#8221; css=&#8221;.vc_custom_1566831754628{padding-top: 20px !important;padding-bottom: 40px !important;}&#8221;][vc_column width=&#8221;1\/2&#8243; css=&#8221;.vc_custom_1566831680199{padding-right: 60px !important;}&#8221;][vc_column_text]Best Buddies, was founded by Anthony Kennedy Shriver in 1989 as a non-profit organization. It is the first national integrated social and recreational program for those with intellectual and developmental disabilities in the US. As of 2019, the project of 30 years has been implemented in 53 countries across the globe and in 50 states in USA.<\/p>\n<p>&nbsp;<\/p>\n<p>Best Buddies Turkey, was established in 2011 by Alternative Life Association (AYDER). After the accreditation process and acquisition of the accreditation rights, Turkey has become the 50th country to have implemented the Project. As of 2019, Best Buddies Turkey has been running Friendship Program in 5 cities which are \u0130stanbul, Edirne, K\u0131rklareli, Tekirda\u011f, \u0130zmir (Bergama).[\/vc_column_text][\/vc_column][vc_column width=&#8221;1\/2&#8243;]\n<div id=\"rev_slider_2_1_wrapper\" class=\"rev_slider_wrapper fullwidthbanner-container\" data-source=\"gallery\" style=\"margin:0px auto;background:transparent;padding:0px;margin-top:0px;margin-bottom:0px;\">\n<!-- START REVOLUTION SLIDER 5.4.8.3 auto mode -->\n\t<div id=\"rev_slider_2_1\" class=\"rev_slider fullwidthabanner\" style=\"display:none;\" data-version=\"5.4.8.3\">\n<ul>\t<!-- SLIDE  -->\n\t<li data-index=\"rs-3\" data-transition=\"fade\" data-slotamount=\"default\" data-hideafterloop=\"0\" data-hideslideonmobile=\"off\"  data-easein=\"default\" data-easeout=\"default\" data-masterspeed=\"300\"  data-rotate=\"0\"  data-saveperformance=\"off\"  data-title=\"Slide\" data-param1=\"\" data-param2=\"\" data-param3=\"\" data-param4=\"\" data-param5=\"\" data-param6=\"\" data-param7=\"\" data-param8=\"\" data-param9=\"\" data-param10=\"\" data-description=\"\">\n\t\t<!-- MAIN IMAGE -->\n\t\t<img src=\"https:\/\/www.bestbuddiesturkey.org\/wp-content\/uploads\/2019\/09\/146201214311535Resim1.png\"  alt=\"\" title=\"146201214311535Resim1\"  width=\"650\" height=\"501\" data-bgposition=\"center center\" data-bgfit=\"cover\" data-bgrepeat=\"no-repeat\" class=\"rev-slidebg\" data-no-retina>\n\t\t<!-- LAYERS -->\n\t<\/li>\n\t<!-- SLIDE  -->\n\t<li data-index=\"rs-5\" data-transition=\"fade\" data-slotamount=\"default\" data-hideafterloop=\"0\" data-hideslideonmobile=\"off\"  data-easein=\"default\" data-easeout=\"default\" data-masterspeed=\"300\"  data-rotate=\"0\"  data-saveperformance=\"off\"  data-title=\"Slide\" data-param1=\"\" data-param2=\"\" data-param3=\"\" data-param4=\"\" data-param5=\"\" data-param6=\"\" data-param7=\"\" data-param8=\"\" data-param9=\"\" data-param10=\"\" data-description=\"\">\n\t\t<!-- MAIN IMAGE -->\n\t\t<img src=\"https:\/\/www.bestbuddiesturkey.org\/wp-content\/uploads\/2020\/03\/79086459_3022555414440263_6749426528821444608_o.jpg\"  alt=\"\" title=\"79086459_3022555414440263_6749426528821444608_o\"  width=\"1440\" height=\"1440\" data-bgposition=\"center center\" data-bgfit=\"cover\" data-bgrepeat=\"no-repeat\" class=\"rev-slidebg\" data-no-retina>\n\t\t<!-- LAYERS -->\n\t<\/li>\n\t<!-- SLIDE  -->\n\t<li data-index=\"rs-4\" data-transition=\"fade\" data-slotamount=\"default\" data-hideafterloop=\"0\" data-hideslideonmobile=\"off\"  data-easein=\"default\" data-easeout=\"default\" data-masterspeed=\"300\"  data-rotate=\"0\"  data-saveperformance=\"off\"  data-title=\"Slide\" data-param1=\"\" data-param2=\"\" data-param3=\"\" data-param4=\"\" data-param5=\"\" data-param6=\"\" data-param7=\"\" data-param8=\"\" data-param9=\"\" data-param10=\"\" data-description=\"\">\n\t\t<!-- MAIN IMAGE -->\n\t\t<img src=\"https:\/\/www.bestbuddiesturkey.org\/wp-content\/uploads\/2019\/09\/best_buddies_6.jpg\"  alt=\"\" title=\"best_buddies_6\"  width=\"720\" height=\"480\" data-bgposition=\"center center\" data-bgfit=\"cover\" data-bgrepeat=\"no-repeat\" class=\"rev-slidebg\" data-no-retina>\n\t\t<!-- LAYERS -->\n\t<\/li>\n\t<!-- SLIDE  -->\n\t<li data-index=\"rs-6\" data-transition=\"fade\" data-slotamount=\"default\" data-hideafterloop=\"0\" data-hideslideonmobile=\"off\"  data-easein=\"default\" data-easeout=\"default\" data-masterspeed=\"300\"  data-rotate=\"0\"  data-saveperformance=\"off\"  data-title=\"Slide\" data-param1=\"\" data-param2=\"\" data-param3=\"\" data-param4=\"\" data-param5=\"\" data-param6=\"\" data-param7=\"\" data-param8=\"\" data-param9=\"\" data-param10=\"\" data-description=\"\">\n\t\t<!-- MAIN IMAGE -->\n\t\t<img src=\"https:\/\/www.bestbuddiesturkey.org\/wp-content\/uploads\/2019\/09\/1006320_620x413-1.jpg\"  alt=\"\" title=\"1006320_620x413\"  width=\"478\" height=\"413\" data-bgposition=\"center center\" data-bgfit=\"cover\" data-bgrepeat=\"no-repeat\" class=\"rev-slidebg\" data-no-retina>\n\t\t<!-- LAYERS -->\n\t<\/li>\n\t<!-- SLIDE  -->\n\t<li data-index=\"rs-9\" data-transition=\"fade\" data-slotamount=\"default\" data-hideafterloop=\"0\" data-hideslideonmobile=\"off\"  data-easein=\"default\" data-easeout=\"default\" data-masterspeed=\"300\"  data-rotate=\"0\"  data-saveperformance=\"off\"  data-title=\"Slide\" data-param1=\"\" data-param2=\"\" data-param3=\"\" data-param4=\"\" data-param5=\"\" data-param6=\"\" data-param7=\"\" data-param8=\"\" data-param9=\"\" data-param10=\"\" data-description=\"\">\n\t\t<!-- MAIN IMAGE -->\n\t\t<img src=\"https:\/\/www.bestbuddiesturkey.org\/wp-content\/uploads\/2020\/03\/1455177_10152004179312380_2063680813_n.jpg\"  alt=\"\" title=\"1455177_10152004179312380_2063680813_n\"  width=\"960\" height=\"640\" data-bgposition=\"center center\" data-bgfit=\"cover\" data-bgrepeat=\"no-repeat\" class=\"rev-slidebg\" data-no-retina>\n\t\t<!-- LAYERS -->\n\t<\/li>\n<\/ul>\n<div class=\"tp-bannertimer\" style=\"height: 5px; background: rgba(0,0,0,0.15);\"><\/div>\t<\/div>\n<script>var htmlDiv = document.getElementById(\"rs-plugin-settings-inline-css\"); var htmlDivCss=\"\";\r\n\t\t\t\tif(htmlDiv) {\r\n\t\t\t\t\thtmlDiv.innerHTML = htmlDiv.innerHTML + htmlDivCss;\r\n\t\t\t\t}else{\r\n\t\t\t\t\tvar htmlDiv = document.createElement(\"div\");\r\n\t\t\t\t\thtmlDiv.innerHTML = \"<style>\" + htmlDivCss + \"<\/style>\";\r\n\t\t\t\t\tdocument.getElementsByTagName(\"head\")[0].appendChild(htmlDiv.childNodes[0]);\r\n\t\t\t\t}\r\n\t\t\t<\/script>\n\t\t<script type=\"text\/javascript\">\r\nif (setREVStartSize!==undefined) setREVStartSize(\r\n\t{c: '#rev_slider_2_1', gridwidth: [1240], gridheight: [868], sliderLayout: 'auto'});\r\n\t\t\t\r\nvar revapi2,\r\n\ttpj;\t\r\n(function() {\t\t\t\r\n\tif (!\/loaded|interactive|complete\/.test(document.readyState)) document.addEventListener(\"DOMContentLoaded\",onLoad); else onLoad();\t\r\n\tfunction onLoad() {\t\t\t\t\r\n\t\tif (tpj===undefined) { tpj = jQuery; if(\"off\" == \"on\") tpj.noConflict();}\r\n\tif(tpj(\"#rev_slider_2_1\").revolution == undefined){\n\t\trevslider_showDoubleJqueryError(\"#rev_slider_2_1\");\n\t}else{\n\t\trevapi2 = tpj(\"#rev_slider_2_1\").show().revolution({\n\t\t\tsliderType:\"carousel\",\n\t\t\tjsFileLocation:\"\/\/www.bestbuddiesturkey.org\/wp-content\/plugins\/revslider\/public\/assets\/js\/\",\n\t\t\tsliderLayout:\"auto\",\n\t\t\tdottedOverlay:\"none\",\n\t\t\tdelay:9000,\n\t\t\tnavigation: {\n\t\t\t\tonHoverStop:\"on\",\n\t\t\t},\n\t\t\tcarousel: {\n\t\t\t\thorizontal_align: \"center\",\n\t\t\t\tvertical_align: \"center\",\n\t\t\t\tfadeout: \"on\",\n\t\t\t\tvary_fade: \"off\",\n\t\t\t\tmaxVisibleItems: 3,\n\t\t\t\tinfinity: \"off\",\n\t\t\t\tspace: 0,\n\t\t\t\tstretch: \"off\",\n \t\t\t\t\t\t\tshowLayersAllTime: \"off\",\n \t\t\t\t\t\t\teasing: \"Power3.easeInOut\",\n \t\t\t\t\t\t\tspeed: \"800\"\n\t\t\t},\n\t\t\tvisibilityLevels:[1240,1024,778,480],\n\t\t\tgridwidth:1240,\n\t\t\tgridheight:868,\n\t\t\tlazyType:\"none\",\n\t\t\tshadow:0,\n\t\t\tspinner:\"spinner0\",\n\t\t\tstopLoop:\"off\",\n\t\t\tstopAfterLoops:-1,\n\t\t\tstopAtSlide:-1,\n\t\t\tshuffle:\"off\",\n\t\t\tautoHeight:\"off\",\n\t\t\thideThumbsOnMobile:\"off\",\n\t\t\thideSliderAtLimit:0,\n\t\t\thideCaptionAtLimit:0,\n\t\t\thideAllCaptionAtLilmit:0,\n\t\t\tdebugMode:false,\n\t\t\tfallbacks: {\n\t\t\t\tsimplifyAll:\"off\",\n\t\t\t\tnextSlideOnWindowFocus:\"off\",\n\t\t\t\tdisableFocusListener:false,\n\t\t\t}\n\t\t});\n\t}; \/* END OF revapi call *\/\n\t\n }; \/* END OF ON LOAD FUNCTION *\/\r\n}()); \/* END OF WRAPPING FUNCTION *\/\r\n<\/script>\r\n\t\t<\/div><!-- END REVOLUTION SLIDER -->[\/vc_column][\/vc_row][vc_row css_animation=&#8221;&#8221; row_type=&#8221;row&#8221; use_row_as_full_screen_section=&#8221;no&#8221; type=&#8221;grid&#8221; angled_section=&#8221;no&#8221; text_align=&#8221;left&#8221; background_image_as_pattern=&#8221;without_pattern&#8221; z_index=&#8221;&#8221; css=&#8221;.vc_custom_1583842313344{margin-top: 60px !important;margin-bottom: 60px !important;padding-top: 40px !important;background-color: #efefef !important;}&#8221;][vc_column width=&#8221;1\/4&#8243;][vc_column_text css=&#8221;.vc_custom_1583841940065{padding-bottom: 15px !important;}&#8221;]<\/p>\n<h3 class=\"aligncenter\" style=\"text-align: center;\"><a href=\"https:\/\/www.bestbuddiesturkey.org\/arkadaslik\/?lang=en\">Friendship<\/a><\/h3>\n<p>[\/vc_column_text][vc_separator type=&#8221;normal&#8221; color=&#8221;#5a3f98&#8243; transparency=&#8221;1&#8243; thickness=&#8221;8&#8243; up=&#8221;0&#8243; down=&#8221;0&#8243;]<div class=\"q_image_with_text_over q_iwto_hover\"><div class=\"shader\" ><\/div><div class=\"shader_hover\" style=\"background-color: #8fd2c5\"><\/div><img itemprop=\"image\" src=\"https:\/\/www.bestbuddiesturkey.org\/wp-content\/uploads\/2019\/07\/m1.jpg\" alt=\"\" \/><div class=\"text\"><table><tr><td><h3 class=\"caption no_icon\" style=\"\"><\/h3><\/td><\/tr><\/table><table><tr><td><div class=\"desc\"><\/p>\n<p style=\"text-align: center;\">Builds friendships between people with and without IDD, offering social mentoring while improving the quality of life and level of inclusion.<\/p>\n<p>&nbsp;<\/p>\n<p><a  itemprop=\"url\" href=\"https:\/\/www.bestbuddiesturkey.org\/arkadaslik\/?lang=en\" target=\"_self\" data-hover-background-color=#5a3f98 data-hover-border-color=#5a3f98 data-hover-color=#ffffff class=\"qbutton  small center white default\" style=\"color: #ffffff; border-color: #ffd520; font-style: normal; font-weight: 300; margin: 0px 10px 0px 10px; background-color: #ffd520;\">Details &gt;<\/a><\/div><\/td><\/tr><\/table><\/div><\/div>[\/vc_column][vc_column width=&#8221;1\/4&#8243;][vc_column_text css=&#8221;.vc_custom_1583842072704{padding-bottom: 15px !important;}&#8221;]<\/p>\n<h3 class=\"aligncenter\" style=\"text-align: center;\"><a href=\"https:\/\/www.bestbuddiesturkey.org\/istihdam\/?lang=en\">Jobs<\/a><\/h3>\n<p>[\/vc_column_text][vc_separator type=&#8221;normal&#8221; color=&#8221;#8fd2c5&#8243; transparency=&#8221;1&#8243; thickness=&#8221;8&#8243; up=&#8221;0&#8243; down=&#8221;0&#8243;]<div class=\"q_image_with_text_over q_iwto_hover\"><div class=\"shader\" ><\/div><div class=\"shader_hover\" style=\"background-color: #8fd2c5\"><\/div><img itemprop=\"image\" src=\"https:\/\/www.bestbuddiesturkey.org\/wp-content\/uploads\/2019\/07\/m2.jpg\" alt=\"\" \/><div class=\"text\"><table><tr><td><h3 class=\"caption no_icon\" style=\"\"><\/h3><\/td><\/tr><\/table><table><tr><td><div class=\"desc\"><\/p>\n<p style=\"text-align: center;\">Secures jobs for people with IDD, allowing them to earn an income, pay taxes, and support themselves.<\/p>\n<p>&nbsp;<\/p>\n<p><a  itemprop=\"url\" href=\"https:\/\/www.bestbuddiesturkey.org\/istihdam\/?lang=en\" target=\"_self\" data-hover-background-color=#5a3f98 data-hover-border-color=#5a3f98 data-hover-color=#ffffff class=\"qbutton  small center white default\" style=\"color: #ffffff; border-color: #ffd520; font-style: normal; font-weight: 300; margin: 0px 10px 0px 10px; background-color: #ffd520;\">Details &gt;<\/a><\/div><\/td><\/tr><\/table><\/div><\/div>[\/vc_column][vc_column width=&#8221;1\/4&#8243;][vc_column_text css=&#8221;.vc_custom_1583842112090{padding-bottom: 15px !important;}&#8221;]<\/p>\n<h3 class=\"aligncenter\" style=\"text-align: center;\"><a href=\"https:\/\/www.bestbuddiesturkey.org\/liderlik-gelistirme\/?lang=en\">Leadership Development<\/a><\/h3>\n<p>[\/vc_column_text][vc_separator type=&#8221;normal&#8221; color=&#8221;#f47836&#8243; transparency=&#8221;1&#8243; thickness=&#8221;8&#8243; up=&#8221;0&#8243; down=&#8221;0&#8243;]<div class=\"q_image_with_text_over q_iwto_hover\"><div class=\"shader\" ><\/div><div class=\"shader_hover\" style=\"background-color: #8fd2c5\"><\/div><img itemprop=\"image\" src=\"https:\/\/www.bestbuddiesturkey.org\/wp-content\/uploads\/2019\/07\/m3.jpg\" alt=\"\" \/><div class=\"text\"><table><tr><td><h3 class=\"caption no_icon\" style=\"\"><\/h3><\/td><\/tr><\/table><table><tr><td><div class=\"desc\"><\/p>\n<p style=\"text-align: center;\">Educates and empowers people with and without IDD, to be leaders, public speakers and advocates.<\/p>\n<p>&nbsp;<\/p>\n<p><a  itemprop=\"url\" href=\"https:\/\/www.bestbuddiesturkey.org\/liderlik-gelistirme\/?lang=en\" target=\"_self\" data-hover-background-color=#5a3f98 data-hover-border-color=#5a3f98 data-hover-color=#ffffff class=\"qbutton  small center white default\" style=\"color: #ffffff; border-color: #ffd520; font-style: normal; font-weight: 300; margin: 0px 10px 0px 10px; background-color: #ffd520;\">Details &gt;<\/a><\/div><\/td><\/tr><\/table><\/div><\/div>[\/vc_column][vc_column width=&#8221;1\/4&#8243;][vc_column_text css=&#8221;.vc_custom_1583842199091{padding-bottom: 15px !important;}&#8221;]<\/p>\n<h3 class=\"aligncenter\" style=\"text-align: center;\"><a href=\"https:\/\/www.bestbuddiesturkey.org\/yasam\/?lang=en\">Inclusive Living<\/a><\/h3>\n<p>[\/vc_column_text][vc_separator type=&#8221;normal&#8221; color=&#8221;#ffd520&#8243; transparency=&#8221;1&#8243; thickness=&#8221;8&#8243; up=&#8221;0&#8243; down=&#8221;0&#8243;]<div class=\"q_image_with_text_over q_iwto_hover\"><div class=\"shader\" ><\/div><div class=\"shader_hover\" style=\"background-color: #8fd2c5\"><\/div><img itemprop=\"image\" src=\"https:\/\/www.bestbuddiesturkey.org\/wp-content\/uploads\/2019\/07\/m4.jpg\" alt=\"\" \/><div class=\"text\"><table><tr><td><h3 class=\"caption no_icon\" style=\"\"><\/h3><\/td><\/tr><\/table><table><tr><td><div class=\"desc\"><\/p>\n<p style=\"text-align: center;\">Providing a vibrant, integrated living opportunity for people with and without IDD.<\/p>\n<p>&nbsp;<\/p>\n<p><a  itemprop=\"url\" href=\"https:\/\/www.bestbuddiesturkey.org\/yasam\/?lang=en\" target=\"_self\" data-hover-background-color=#5a3f98 data-hover-border-color=#5a3f98 data-hover-color=#ffffff class=\"qbutton  small center white default\" style=\"color: #ffffff; border-color: #ffd520; font-style: normal; font-weight: 300; margin: 0px 10px 0px 10px; background-color: #ffd520;\">Details &gt;<\/a><\/div><\/td><\/tr><\/table><\/div><\/div>[\/vc_column][\/vc_row]<\/p>\n","protected":false},"excerpt":{"rendered":"<p>[vc_row css_animation=&#8221;&#8221; row_type=&#8221;row&#8221; use_row_as_full_screen_section=&#8221;no&#8221; type=&#8221;grid&#8221; angled_section=&#8221;no&#8221; text_align=&#8221;left&#8221; background_image_as_pattern=&#8221;without_pattern&#8221; z_index=&#8221;&#8221; css=&#8221;.vc_custom_1566908521537{margin-top: 60px !important;}&#8221;][vc_column css=&#8221;.vc_custom_1568187217085{padding-right: 20px !important;padding-bottom: 20px !important;}&#8221;][vc_column_text] Best Buddies Turkey [\/vc_column_text][\/vc_column][\/vc_row][vc_row css_animation=&#8221;&#8221; row_type=&#8221;row&#8221; use_row_as_full_screen_section=&#8221;no&#8221; type=&#8221;grid&#8221; angled_section=&#8221;no&#8221; text_align=&#8221;left&#8221; background_image_as_pattern=&#8221;without_pattern&#8221; z_index=&#8221;&#8221; css=&#8221;.vc_custom_1566831754628{padding-top: 20px !important;padding-bottom: 40px !important;}&#8221;][vc_column width=&#8221;1\/2&#8243; css=&#8221;.vc_custom_1566831680199{padding-right: 60px !important;}&#8221;][vc_column_text]Best Buddies, was founded by Anthony Kennedy Shriver&#8230;<\/p>\n","protected":false},"author":2,"featured_media":0,"parent":0,"menu_order":0,"comment_status":"closed","ping_status":"closed","template":"full_width.php","meta":{"footnotes":""},"yoast_head":"<!-- This site is optimized with the Yoast SEO plugin v21.1 - https:\/\/yoast.com\/wordpress\/plugins\/seo\/ -->\n<title>Best Buddies Turkey - Best Buddies T\u00fcrkiye<\/title>\n<meta name=\"robots\" content=\"index, follow, max-snippet:-1, max-image-preview:large, max-video-preview:-1\" \/>\n<link rel=\"canonical\" href=\"https:\/\/www.bestbuddiesturkey.org\/en\/best-buddies-turkey\/\" \/>\n<meta property=\"og:locale\" content=\"en_US\" \/>\n<meta property=\"og:type\" content=\"article\" \/>\n<meta property=\"og:title\" content=\"Best Buddies Turkey - Best Buddies T\u00fcrkiye\" \/>\n<meta property=\"og:description\" content=\"[vc_row css_animation=&#8221;&#8221; row_type=&#8221;row&#8221; use_row_as_full_screen_section=&#8221;no&#8221; type=&#8221;grid&#8221; angled_section=&#8221;no&#8221; text_align=&#8221;left&#8221; background_image_as_pattern=&#8221;without_pattern&#8221; z_index=&#8221;&#8221; css=&#8221;.vc_custom_1566908521537{margin-top: 60px !important;}&#8221;][vc_column css=&#8221;.vc_custom_1568187217085{padding-right: 20px !important;padding-bottom: 20px !important;}&#8221;][vc_column_text] Best Buddies Turkey [\/vc_column_text][\/vc_column][\/vc_row][vc_row css_animation=&#8221;&#8221; row_type=&#8221;row&#8221; use_row_as_full_screen_section=&#8221;no&#8221; type=&#8221;grid&#8221; angled_section=&#8221;no&#8221; text_align=&#8221;left&#8221; background_image_as_pattern=&#8221;without_pattern&#8221; z_index=&#8221;&#8221; css=&#8221;.vc_custom_1566831754628{padding-top: 20px !important;padding-bottom: 40px !important;}&#8221;][vc_column width=&#8221;1\/2&#8243; css=&#8221;.vc_custom_1566831680199{padding-right: 60px !important;}&#8221;][vc_column_text]Best Buddies, was founded by Anthony Kennedy Shriver...\" \/>\n<meta property=\"og:url\" content=\"https:\/\/www.bestbuddiesturkey.org\/en\/best-buddies-turkey\/\" \/>\n<meta property=\"og:site_name\" content=\"Best Buddies T\u00fcrkiye\" \/>\n<meta property=\"article:publisher\" content=\"https:\/\/www.facebook.com\/bestbuddiesturkey\" \/>\n<meta property=\"article:modified_time\" content=\"2020-03-10T12:21:32+00:00\" \/>\n<meta name=\"twitter:card\" content=\"summary_large_image\" \/>\n<meta name=\"twitter:site\" content=\"@BestBuddiesTR\" \/>\n<meta name=\"twitter:label1\" content=\"Est. reading time\" \/>\n\t<meta name=\"twitter:data1\" content=\"4 minutes\" \/>\n<script type=\"application\/ld+json\" class=\"yoast-schema-graph\">{\"@context\":\"https:\/\/schema.org\",\"@graph\":[{\"@type\":\"WebPage\",\"@id\":\"https:\/\/www.bestbuddiesturkey.org\/en\/best-buddies-turkey\/\",\"url\":\"https:\/\/www.bestbuddiesturkey.org\/en\/best-buddies-turkey\/\",\"name\":\"Best Buddies Turkey - Best Buddies T\u00fcrkiye\",\"isPartOf\":{\"@id\":\"https:\/\/www.bestbuddiesturkey.org\/en\/#website\"},\"datePublished\":\"2019-09-11T07:19:20+00:00\",\"dateModified\":\"2020-03-10T12:21:32+00:00\",\"breadcrumb\":{\"@id\":\"https:\/\/www.bestbuddiesturkey.org\/en\/best-buddies-turkey\/#breadcrumb\"},\"inLanguage\":\"en-US\",\"potentialAction\":[{\"@type\":\"ReadAction\",\"target\":[\"https:\/\/www.bestbuddiesturkey.org\/en\/best-buddies-turkey\/\"]}]},{\"@type\":\"BreadcrumbList\",\"@id\":\"https:\/\/www.bestbuddiesturkey.org\/en\/best-buddies-turkey\/#breadcrumb\",\"itemListElement\":[{\"@type\":\"ListItem\",\"position\":1,\"name\":\"Anasayfa\",\"item\":\"https:\/\/www.bestbuddiesturkey.org\/en\/\"},{\"@type\":\"ListItem\",\"position\":2,\"name\":\"Best Buddies Turkey\"}]},{\"@type\":\"WebSite\",\"@id\":\"https:\/\/www.bestbuddiesturkey.org\/en\/#website\",\"url\":\"https:\/\/www.bestbuddiesturkey.org\/en\/\",\"name\":\"Best Buddies T\u00fcrkiye\",\"description\":\"\",\"publisher\":{\"@id\":\"https:\/\/www.bestbuddiesturkey.org\/en\/#organization\"},\"potentialAction\":[{\"@type\":\"SearchAction\",\"target\":{\"@type\":\"EntryPoint\",\"urlTemplate\":\"https:\/\/www.bestbuddiesturkey.org\/en\/?s={search_term_string}\"},\"query-input\":\"required name=search_term_string\"}],\"inLanguage\":\"en-US\"},{\"@type\":\"Organization\",\"@id\":\"https:\/\/www.bestbuddiesturkey.org\/en\/#organization\",\"name\":\"Best Buddies T\u00fcrkiye\",\"url\":\"https:\/\/www.bestbuddiesturkey.org\/en\/\",\"logo\":{\"@type\":\"ImageObject\",\"inLanguage\":\"en-US\",\"@id\":\"https:\/\/www.bestbuddiesturkey.org\/en\/#\/schema\/logo\/image\/\",\"url\":\"https:\/\/www.bestbuddiesturkey.org\/wp-content\/uploads\/2019\/09\/bestb.jpg\",\"contentUrl\":\"https:\/\/www.bestbuddiesturkey.org\/wp-content\/uploads\/2019\/09\/bestb.jpg\",\"width\":288,\"height\":288,\"caption\":\"Best Buddies T\u00fcrkiye\"},\"image\":{\"@id\":\"https:\/\/www.bestbuddiesturkey.org\/en\/#\/schema\/logo\/image\/\"},\"sameAs\":[\"https:\/\/www.facebook.com\/bestbuddiesturkey\",\"https:\/\/twitter.com\/BestBuddiesTR\",\"https:\/\/www.youtube.com\/channel\/UCkgdM7hXI2jC4ppGGjRT1hw\",\"https:\/\/www.instagram.com\/BestBuddiesTR\/\"]}]}<\/script>\n<!-- \/ Yoast SEO plugin. -->","yoast_head_json":{"title":"Best Buddies Turkey - Best Buddies T\u00fcrkiye","robots":{"index":"index","follow":"follow","max-snippet":"max-snippet:-1","max-image-preview":"max-image-preview:large","max-video-preview":"max-video-preview:-1"},"canonical":"https:\/\/www.bestbuddiesturkey.org\/en\/best-buddies-turkey\/","og_locale":"en_US","og_type":"article","og_title":"Best Buddies Turkey - Best Buddies T\u00fcrkiye","og_description":"[vc_row css_animation=&#8221;&#8221; row_type=&#8221;row&#8221; use_row_as_full_screen_section=&#8221;no&#8221; type=&#8221;grid&#8221; angled_section=&#8221;no&#8221; text_align=&#8221;left&#8221; background_image_as_pattern=&#8221;without_pattern&#8221; z_index=&#8221;&#8221; css=&#8221;.vc_custom_1566908521537{margin-top: 60px !important;}&#8221;][vc_column css=&#8221;.vc_custom_1568187217085{padding-right: 20px !important;padding-bottom: 20px !important;}&#8221;][vc_column_text] Best Buddies Turkey [\/vc_column_text][\/vc_column][\/vc_row][vc_row css_animation=&#8221;&#8221; row_type=&#8221;row&#8221; use_row_as_full_screen_section=&#8221;no&#8221; type=&#8221;grid&#8221; angled_section=&#8221;no&#8221; text_align=&#8221;left&#8221; background_image_as_pattern=&#8221;without_pattern&#8221; z_index=&#8221;&#8221; css=&#8221;.vc_custom_1566831754628{padding-top: 20px !important;padding-bottom: 40px !important;}&#8221;][vc_column width=&#8221;1\/2&#8243; css=&#8221;.vc_custom_1566831680199{padding-right: 60px !important;}&#8221;][vc_column_text]Best Buddies, was founded by Anthony Kennedy Shriver...","og_url":"https:\/\/www.bestbuddiesturkey.org\/en\/best-buddies-turkey\/","og_site_name":"Best Buddies T\u00fcrkiye","article_publisher":"https:\/\/www.facebook.com\/bestbuddiesturkey","article_modified_time":"2020-03-10T12:21:32+00:00","twitter_card":"summary_large_image","twitter_site":"@BestBuddiesTR","twitter_misc":{"Est. reading time":"4 minutes"},"schema":{"@context":"https:\/\/schema.org","@graph":[{"@type":"WebPage","@id":"https:\/\/www.bestbuddiesturkey.org\/en\/best-buddies-turkey\/","url":"https:\/\/www.bestbuddiesturkey.org\/en\/best-buddies-turkey\/","name":"Best Buddies Turkey - Best Buddies T\u00fcrkiye","isPartOf":{"@id":"https:\/\/www.bestbuddiesturkey.org\/en\/#website"},"datePublished":"2019-09-11T07:19:20+00:00","dateModified":"2020-03-10T12:21:32+00:00","breadcrumb":{"@id":"https:\/\/www.bestbuddiesturkey.org\/en\/best-buddies-turkey\/#breadcrumb"},"inLanguage":"en-US","potentialAction":[{"@type":"ReadAction","target":["https:\/\/www.bestbuddiesturkey.org\/en\/best-buddies-turkey\/"]}]},{"@type":"BreadcrumbList","@id":"https:\/\/www.bestbuddiesturkey.org\/en\/best-buddies-turkey\/#breadcrumb","itemListElement":[{"@type":"ListItem","position":1,"name":"Anasayfa","item":"https:\/\/www.bestbuddiesturkey.org\/en\/"},{"@type":"ListItem","position":2,"name":"Best Buddies Turkey"}]},{"@type":"WebSite","@id":"https:\/\/www.bestbuddiesturkey.org\/en\/#website","url":"https:\/\/www.bestbuddiesturkey.org\/en\/","name":"Best Buddies T\u00fcrkiye","description":"","publisher":{"@id":"https:\/\/www.bestbuddiesturkey.org\/en\/#organization"},"potentialAction":[{"@type":"SearchAction","target":{"@type":"EntryPoint","urlTemplate":"https:\/\/www.bestbuddiesturkey.org\/en\/?s={search_term_string}"},"query-input":"required name=search_term_string"}],"inLanguage":"en-US"},{"@type":"Organization","@id":"https:\/\/www.bestbuddiesturkey.org\/en\/#organization","name":"Best Buddies T\u00fcrkiye","url":"https:\/\/www.bestbuddiesturkey.org\/en\/","logo":{"@type":"ImageObject","inLanguage":"en-US","@id":"https:\/\/www.bestbuddiesturkey.org\/en\/#\/schema\/logo\/image\/","url":"https:\/\/www.bestbuddiesturkey.org\/wp-content\/uploads\/2019\/09\/bestb.jpg","contentUrl":"https:\/\/www.bestbuddiesturkey.org\/wp-content\/uploads\/2019\/09\/bestb.jpg","width":288,"height":288,"caption":"Best Buddies T\u00fcrkiye"},"image":{"@id":"https:\/\/www.bestbuddiesturkey.org\/en\/#\/schema\/logo\/image\/"},"sameAs":["https:\/\/www.facebook.com\/bestbuddiesturkey","https:\/\/twitter.com\/BestBuddiesTR","https:\/\/www.youtube.com\/channel\/UCkgdM7hXI2jC4ppGGjRT1hw","https:\/\/www.instagram.com\/BestBuddiesTR\/"]}]}},"_links":{"self":[{"href":"https:\/\/www.bestbuddiesturkey.org\/en\/wp-json\/wp\/v2\/pages\/1380"}],"collection":[{"href":"https:\/\/www.bestbuddiesturkey.org\/en\/wp-json\/wp\/v2\/pages"}],"about":[{"href":"https:\/\/www.bestbuddiesturkey.org\/en\/wp-json\/wp\/v2\/types\/page"}],"author":[{"embeddable":true,"href":"https:\/\/www.bestbuddiesturkey.org\/en\/wp-json\/wp\/v2\/users\/2"}],"replies":[{"embeddable":true,"href":"https:\/\/www.bestbuddiesturkey.org\/en\/wp-json\/wp\/v2\/comments?post=1380"}],"version-history":[{"count":0,"href":"https:\/\/www.bestbuddiesturkey.org\/en\/wp-json\/wp\/v2\/pages\/1380\/revisions"}],"wp:attachment":[{"href":"https:\/\/www.bestbuddiesturkey.org\/en\/wp-json\/wp\/v2\/media?parent=1380"}],"curies":[{"name":"wp","href":"https:\/\/api.w.org\/{rel}","templated":true}]}}